{"id":1366,"date":"2020-06-23T17:22:26","date_gmt":"2020-06-23T15:22:26","guid":{"rendered":"http:\/\/museidartemendrisiotto.ch\/?page_id=1366"},"modified":"2022-09-13T17:45:11","modified_gmt":"2022-09-13T15:45:11","slug":"teatro-dellarchitettura","status":"publish","type":"page","link":"https:\/\/museidartemendrisiotto.ch\/de\/die-museen\/teatro-dellarchitettura\/","title":{"rendered":"Teatro dell&#8217;Architettura"},"content":{"rendered":"\t\t<div data-elementor-type=\"wp-page\" data-elementor-id=\"1366\" class=\"elementor elementor-1366 elementor-208\">\n\t\t\t\t\t\t<section class=\"elementor-section elementor-top-section elementor-element elementor-element-6ecb70e elementor-section-full_width elementor-section-height-default elementor-section-height-default\" data-id=\"6ecb70e\" data-element_type=\"section\" data-e-type=\"section\">\n\t\t\t\t\t\t<div class=\"elementor-container elementor-column-gap-default\">\n\t\t\t\t\t<div class=\"elementor-column elementor-col-100 elementor-top-column elementor-element elementor-element-339ccdc\" data-id=\"339ccdc\" data-element_type=\"column\" data-e-type=\"column\">\n\t\t\t<div class=\"elementor-widget-wrap elementor-element-populated\">\n\t\t\t\t\t\t<div class=\"elementor-element elementor-element-d3ce3b1 elementor-widget elementor-widget-image\" data-id=\"d3ce3b1\" data-element_type=\"widget\" data-e-type=\"widget\" data-widget_type=\"image.default\">\n\t\t\t\t<div class=\"elementor-widget-container\">\n\t\t\t\t\t\t\t\t\t\t\t\t\t\t\t<img fetchpriority=\"high\" decoding=\"async\" width=\"1400\" height=\"750\" src=\"https:\/\/museidartemendrisiotto.ch\/wp-content\/uploads\/2020\/06\/TAM.jpg\" class=\"attachment-full size-full wp-image-892\" alt=\"\" srcset=\"https:\/\/museidartemendrisiotto.ch\/wp-content\/uploads\/2020\/06\/TAM.jpg 1400w, https:\/\/museidartemendrisiotto.ch\/wp-content\/uploads\/2020\/06\/TAM-300x161.jpg 300w, https:\/\/museidartemendrisiotto.ch\/wp-content\/uploads\/2020\/06\/TAM-1024x549.jpg 1024w, https:\/\/museidartemendrisiotto.ch\/wp-content\/uploads\/2020\/06\/TAM-768x411.jpg 768w, https:\/\/museidartemendrisiotto.ch\/wp-content\/uploads\/2020\/06\/TAM-350x188.jpg 350w\" sizes=\"(max-width: 1400px) 100vw, 1400px\" \/>\t\t\t\t\t\t\t\t\t\t\t\t\t\t\t<\/div>\n\t\t\t\t<\/div>\n\t\t\t\t<div class=\"elementor-element elementor-element-63b613a elementor-widget elementor-widget-heading\" data-id=\"63b613a\" data-element_type=\"widget\" data-e-type=\"widget\" data-widget_type=\"heading.default\">\n\t\t\t\t<div class=\"elementor-widget-container\">\n\t\t\t\t\t<h1 class=\"elementor-heading-title elementor-size-default\">Teatro dell\u2019architettura<br>Mendrisio \u2013 USI<\/h1>\t\t\t\t<\/div>\n\t\t\t\t<\/div>\n\t\t\t\t<div class=\"elementor-element elementor-element-17289a9 elementor-widget elementor-widget-text-editor\" data-id=\"17289a9\" data-element_type=\"widget\" data-e-type=\"widget\" data-widget_type=\"text-editor.default\">\n\t\t\t\t<div class=\"elementor-widget-container\">\n\t\t\t\t\t\t\t\t\t<p>Das vom Architekten Mario Botta auf dem Campus der Universit\u00e4t der Italienischen Schweiz \u2013 Architekturakademie realisierte Teatro dell\u2019architettura Mendrisio geht aus einer gemeinsamen Initiative der Universit\u00e4t der Italienischen Schweiz und der Stiftung Teatro dell\u2019architettura hervor und soll die kulturelle Auseinandersetzung mit Architektur f\u00f6rdern.<\/p><p>Neben der didaktischen Arbeit und Forschungst\u00e4tigkeit, die an der Universit\u00e4t stattfinden, dient diese Initiative der Erweiterung des Bildungsangebots, insbesondere mit Ausstellungen und Seminaren, und soll gleichzeitig den neuen, transdisziplin\u00e4ren Interessen Sichtbarkeit geben, die immer \u00f6fter in den Entwurfsprozess hineinspielen und die gesellschaftliche Rolle der Architektur neu definieren.<\/p><p>Das Teatro dell\u2019architettura ist \u00fcberdies eine Plattform f\u00fcr den Austausch mit anderen Institutionen, die sich auf dem Feld der zeitgen\u00f6ssischen Kultur bewegen.<\/p>\t\t\t\t\t\t\t\t<\/div>\n\t\t\t\t<\/div>\n\t\t\t\t<section class=\"elementor-section elementor-inner-section elementor-element elementor-element-f37349d elementor-section-full_width elementor-section-height-default elementor-section-height-default\" data-id=\"f37349d\" data-element_type=\"section\" data-e-type=\"section\">\n\t\t\t\t\t\t<div class=\"elementor-container elementor-column-gap-default\">\n\t\t\t\t\t<div class=\"elementor-column elementor-col-50 elementor-inner-column elementor-element elementor-element-e2ddde7\" data-id=\"e2ddde7\" data-element_type=\"column\" data-e-type=\"column\">\n\t\t\t<div class=\"elementor-widget-wrap elementor-element-populated\">\n\t\t\t\t\t\t<div class=\"elementor-element elementor-element-69bf779 elementor-widget elementor-widget-heading\" data-id=\"69bf779\" data-element_type=\"widget\" data-e-type=\"widget\" data-widget_type=\"heading.default\">\n\t\t\t\t<div class=\"elementor-widget-container\">\n\t\t\t\t\t<h4 class=\"elementor-heading-title elementor-size-default\">\u00d6ffnungszeiten<\/h4>\t\t\t\t<\/div>\n\t\t\t\t<\/div>\n\t\t\t\t<div class=\"elementor-element elementor-element-f20b958 elementor-widget elementor-widget-text-editor\" data-id=\"f20b958\" data-element_type=\"widget\" data-e-type=\"widget\" data-widget_type=\"text-editor.default\">\n\t\t\t\t<div class=\"elementor-widget-container\">\n\t\t\t\t\t\t\t\t\t<p><a style=\"background-color: #ffffff;\" href=\"https:\/\/www.tam.usi.ch\/it\/contatti\">&gt;&gt;&gt;<u>Informationen \u00fcber besondere \u00d6ffnungszeiten<\/u><\/a><\/p>\t\t\t\t\t\t\t\t<\/div>\n\t\t\t\t<\/div>\n\t\t\t\t<div class=\"elementor-element elementor-element-f8e18d8 elementor-widget elementor-widget-heading\" data-id=\"f8e18d8\" data-element_type=\"widget\" data-e-type=\"widget\" data-widget_type=\"heading.default\">\n\t\t\t\t<div class=\"elementor-widget-container\">\n\t\t\t\t\t<h4 class=\"elementor-heading-title elementor-size-default\">Eintrittspreise<\/h4>\t\t\t\t<\/div>\n\t\t\t\t<\/div>\n\t\t\t\t<div class=\"elementor-element elementor-element-d6fc780 elementor-widget elementor-widget-text-editor\" data-id=\"d6fc780\" data-element_type=\"widget\" data-e-type=\"widget\" data-widget_type=\"text-editor.default\">\n\t\t\t\t<div class=\"elementor-widget-container\">\n\t\t\t\t\t\t\t\t\t<p><strong>Eintritt<\/strong> CHF\/Euro 10.-<\/p><p><strong>Reduzierter Eintritt <\/strong>CHF\/Euro 7.- (Studenten, FAI Italia, FAI Swiss, OTIA, AVS\/AI, gruppen)<\/p><p><strong>Freier Eintritt<\/strong> USI-SUPSI Studenten, Mitarbeitern und Lehrer USI-SUPSI, Amici dell\u2019Accademia di architettura,\u00a0 ICOM\/AMS Karte, Guida SI, bis 18 Jahre und alle Sch\u00fcler des Canton Tessin.<\/p><p>Informationen und Anmeldung\u00a0<br \/>+41 (0)58 666 5867 <br \/><a href=\"mailto:info.tam@usi.ch\">eventi.tam@usi.ch<\/a><\/p>\t\t\t\t\t\t\t\t<\/div>\n\t\t\t\t<\/div>\n\t\t\t\t<div class=\"elementor-element elementor-element-960dbe0 elementor-widget elementor-widget-heading\" data-id=\"960dbe0\" data-element_type=\"widget\" data-e-type=\"widget\" data-widget_type=\"heading.default\">\n\t\t\t\t<div class=\"elementor-widget-container\">\n\t\t\t\t\t<h4 class=\"elementor-heading-title elementor-size-default\">Anfahrt<\/h4>\t\t\t\t<\/div>\n\t\t\t\t<\/div>\n\t\t\t\t<div class=\"elementor-element elementor-element-f32543b elementor-widget elementor-widget-text-editor\" data-id=\"f32543b\" data-element_type=\"widget\" data-e-type=\"widget\" data-widget_type=\"text-editor.default\">\n\t\t\t\t<div class=\"elementor-widget-container\">\n\t\t\t\t\t\t\t\t\t<p><strong>Mit Bahn <br \/><\/strong>Bahnhaltestelle MENDRISIO (7 min zu Fuss)<\/p><p><strong>Mit Bus linea 2<br \/><\/strong>Haltestelle: Ospedale (OBV)<\/p><p>Parking: Autosilo di Palazzo Canav\u00e9e-USI, viale Canav\u00e9e; Autosilo OBV,via Alfonso Turconi 23<\/p>\t\t\t\t\t\t\t\t<\/div>\n\t\t\t\t<\/div>\n\t\t\t\t\t<\/div>\n\t\t<\/div>\n\t\t\t\t<div class=\"elementor-column elementor-col-50 elementor-inner-column elementor-element elementor-element-9b95b34\" data-id=\"9b95b34\" data-element_type=\"column\" data-e-type=\"column\">\n\t\t\t<div class=\"elementor-widget-wrap elementor-element-populated\">\n\t\t\t\t\t\t<div class=\"elementor-element elementor-element-0eeb464 elementor-widget elementor-widget-heading\" data-id=\"0eeb464\" data-element_type=\"widget\" data-e-type=\"widget\" data-widget_type=\"heading.default\">\n\t\t\t\t<div class=\"elementor-widget-container\">\n\t\t\t\t\t<h4 class=\"elementor-heading-title elementor-size-default\">Adresse und Kontakte<\/h4>\t\t\t\t<\/div>\n\t\t\t\t<\/div>\n\t\t\t\t<div class=\"elementor-element elementor-element-4a33bf2 elementor-widget elementor-widget-text-editor\" data-id=\"4a33bf2\" data-element_type=\"widget\" data-e-type=\"widget\" data-widget_type=\"text-editor.default\">\n\t\t\t\t<div class=\"elementor-widget-container\">\n\t\t\t\t\t\t\t\t\t<p>Via Turconi 25<br \/>6850 Mendrisio, Svizzera<\/p><p>T +41 58 666 5867<br \/><a href=\"mailto:info.tam@usi.ch\">info.tam@usi.ch<\/a><br \/><a href=\"https:\/\/www.tam.usi.ch\/en\">Teatro dell&#8217;architettura<\/a><\/p>\t\t\t\t\t\t\t\t<\/div>\n\t\t\t\t<\/div>\n\t\t\t\t<div class=\"elementor-element elementor-element-ee6d4f8 elementor-shape-circle e-grid-align-left elementor-grid-0 elementor-widget elementor-widget-social-icons\" data-id=\"ee6d4f8\" data-element_type=\"widget\" data-e-type=\"widget\" data-widget_type=\"social-icons.default\">\n\t\t\t\t<div class=\"elementor-widget-container\">\n\t\t\t\t\t\t\t<div class=\"elementor-social-icons-wrapper elementor-grid\" role=\"list\">\n\t\t\t\t\t\t\t<span class=\"elementor-grid-item\" role=\"listitem\">\n\t\t\t\t\t<a class=\"elementor-icon elementor-social-icon elementor-social-icon-facebook elementor-repeater-item-5ef0c1a\" href=\"https:\/\/www.facebook.com\/teatrodellarchitettura\" target=\"_blank\">\n\t\t\t\t\t\t<span class=\"elementor-screen-only\">Facebook<\/span>\n\t\t\t\t\t\t<i aria-hidden=\"true\" class=\"fab fa-facebook\"><\/i>\t\t\t\t\t<\/a>\n\t\t\t\t<\/span>\n\t\t\t\t\t\t\t<span class=\"elementor-grid-item\" role=\"listitem\">\n\t\t\t\t\t<a class=\"elementor-icon elementor-social-icon elementor-social-icon-instagram elementor-repeater-item-22e903b\" href=\"https:\/\/www.instagram.com\/teatro_architettura_mendrisio\/\" target=\"_blank\">\n\t\t\t\t\t\t<span class=\"elementor-screen-only\">Instagram<\/span>\n\t\t\t\t\t\t<i aria-hidden=\"true\" class=\"fab fa-instagram\"><\/i>\t\t\t\t\t<\/a>\n\t\t\t\t<\/span>\n\t\t\t\t\t\t\t<span class=\"elementor-grid-item\" role=\"listitem\">\n\t\t\t\t\t<a class=\"elementor-icon elementor-social-icon elementor-social-icon-twitter elementor-repeater-item-d2b9d8c\" href=\"https:\/\/twitter.com\/USI_Accademia\" target=\"_blank\">\n\t\t\t\t\t\t<span class=\"elementor-screen-only\">Twitter<\/span>\n\t\t\t\t\t\t<i aria-hidden=\"true\" class=\"fab fa-twitter\"><\/i>\t\t\t\t\t<\/a>\n\t\t\t\t<\/span>\n\t\t\t\t\t\t\t<span class=\"elementor-grid-item\" role=\"listitem\">\n\t\t\t\t\t<a class=\"elementor-icon elementor-social-icon elementor-social-icon-vimeo elementor-repeater-item-d16048b\" target=\"_blank\">\n\t\t\t\t\t\t<span class=\"elementor-screen-only\">Vimeo<\/span>\n\t\t\t\t\t\t<i aria-hidden=\"true\" class=\"fab fa-vimeo\"><\/i>\t\t\t\t\t<\/a>\n\t\t\t\t<\/span>\n\t\t\t\t\t<\/div>\n\t\t\t\t\t\t<\/div>\n\t\t\t\t<\/div>\n\t\t\t\t\t<\/div>\n\t\t<\/div>\n\t\t\t\t\t<\/div>\n\t\t<\/section>\n\t\t\t\t\t<\/div>\n\t\t<\/div>\n\t\t\t\t\t<\/div>\n\t\t<\/section>\n\t\t\t\t<\/div>\n\t\t","protected":false},"excerpt":{"rendered":"<p>Teatro dell\u2019architetturaMendrisio \u2013 USI Das vom Architekten Mario Botta auf dem Campus der Universit\u00e4t der Italienischen Schweiz \u2013 Architekturakademie realisierte Teatro dell\u2019architettura Mendrisio geht aus einer gemeinsamen Initiative der Universit\u00e4t der Italienischen Schweiz und der Stiftung Teatro dell\u2019architettura hervor und soll die kulturelle Auseinandersetzung mit Architektur f\u00f6rdern. Neben der didaktischen Arbeit und Forschungst\u00e4tigkeit, die an &#8230; <a title=\"Teatro dell&#8217;Architettura\" class=\"read-more\" href=\"https:\/\/museidartemendrisiotto.ch\/de\/die-museen\/teatro-dellarchitettura\/\">Weiterlesen <span class=\"screen-reader-text\">Teatro dell&#8217;Architettura<\/span><\/a><\/p>\n","protected":false},"author":2,"featured_media":0,"parent":685,"menu_order":0,"comment_status":"closed","ping_status":"closed","template":"","meta":{"_monsterinsights_skip_tracking":false,"_monsterinsights_sitenote_active":false,"_monsterinsights_sitenote_note":"","_monsterinsights_sitenote_category":0,"footnotes":"","_links_to":"","_links_to_target":""},"class_list":["post-1366","page","type-page","status-publish"],"yoast_head":"<!-- This site is optimized with the Yoast SEO plugin v27.4 - https:\/\/yoast.com\/product\/yoast-seo-wordpress\/ -->\n<title>Teatro dell&#039;Architettura - Musei d\u2019Arte del Mendrisiotto<\/title>\n<meta name=\"robots\" content=\"index, follow, max-snippet:-1, max-image-preview:large, max-video-preview:-1\" \/>\n<link rel=\"canonical\" href=\"https:\/\/museidartemendrisiotto.ch\/musei\/teatro-dellarchitettura\/\" \/>\n<meta property=\"og:locale\" content=\"de_DE\" \/>\n<meta property=\"og:type\" content=\"article\" \/>\n<meta property=\"og:title\" content=\"Teatro dell&#039;Architettura - Musei d\u2019Arte del Mendrisiotto\" \/>\n<meta property=\"og:description\" content=\"Teatro dell\u2019architetturaMendrisio \u2013 USI Das vom Architekten Mario Botta auf dem Campus der Universit\u00e4t der Italienischen Schweiz \u2013 Architekturakademie realisierte Teatro dell\u2019architettura Mendrisio geht aus einer gemeinsamen Initiative der Universit\u00e4t der Italienischen Schweiz und der Stiftung Teatro dell\u2019architettura hervor und soll die kulturelle Auseinandersetzung mit Architektur f\u00f6rdern. Neben der didaktischen Arbeit und Forschungst\u00e4tigkeit, die an ... Weiterlesen Teatro dell&#8217;Architettura\" \/>\n<meta property=\"og:url\" content=\"https:\/\/museidartemendrisiotto.ch\/musei\/teatro-dellarchitettura\/\" \/>\n<meta property=\"og:site_name\" content=\"Musei d\u2019Arte del Mendrisiotto\" \/>\n<meta property=\"article:modified_time\" content=\"2022-09-13T15:45:11+00:00\" \/>\n<meta property=\"og:image\" content=\"https:\/\/museidartemendrisiotto.ch\/wp-content\/uploads\/2020\/06\/TAM.jpg\" \/>\n<meta name=\"twitter:card\" content=\"summary_large_image\" \/>\n<meta name=\"twitter:label1\" content=\"Gesch\u00e4tzte Lesezeit\" \/>\n\t<meta name=\"twitter:data1\" content=\"1\u00a0Minute\" \/>\n<script type=\"application\/ld+json\" class=\"yoast-schema-graph\">{\"@context\":\"https:\\\/\\\/schema.org\",\"@graph\":[{\"@type\":\"WebPage\",\"@id\":\"https:\\\/\\\/museidartemendrisiotto.ch\\\/musei\\\/teatro-dellarchitettura\\\/\",\"url\":\"https:\\\/\\\/museidartemendrisiotto.ch\\\/musei\\\/teatro-dellarchitettura\\\/\",\"name\":\"Teatro dell'Architettura - Musei d\u2019Arte del Mendrisiotto\",\"isPartOf\":{\"@id\":\"https:\\\/\\\/museidartemendrisiotto.ch\\\/#website\"},\"primaryImageOfPage\":{\"@id\":\"https:\\\/\\\/museidartemendrisiotto.ch\\\/musei\\\/teatro-dellarchitettura\\\/#primaryimage\"},\"image\":{\"@id\":\"https:\\\/\\\/museidartemendrisiotto.ch\\\/musei\\\/teatro-dellarchitettura\\\/#primaryimage\"},\"thumbnailUrl\":\"https:\\\/\\\/museidartemendrisiotto.ch\\\/wp-content\\\/uploads\\\/2020\\\/06\\\/TAM.jpg\",\"datePublished\":\"2020-06-23T15:22:26+00:00\",\"dateModified\":\"2022-09-13T15:45:11+00:00\",\"breadcrumb\":{\"@id\":\"https:\\\/\\\/museidartemendrisiotto.ch\\\/musei\\\/teatro-dellarchitettura\\\/#breadcrumb\"},\"inLanguage\":\"de\",\"potentialAction\":[{\"@type\":\"ReadAction\",\"target\":[\"https:\\\/\\\/museidartemendrisiotto.ch\\\/musei\\\/teatro-dellarchitettura\\\/\"]}]},{\"@type\":\"ImageObject\",\"inLanguage\":\"de\",\"@id\":\"https:\\\/\\\/museidartemendrisiotto.ch\\\/musei\\\/teatro-dellarchitettura\\\/#primaryimage\",\"url\":\"https:\\\/\\\/museidartemendrisiotto.ch\\\/wp-content\\\/uploads\\\/2020\\\/06\\\/TAM.jpg\",\"contentUrl\":\"https:\\\/\\\/museidartemendrisiotto.ch\\\/wp-content\\\/uploads\\\/2020\\\/06\\\/TAM.jpg\"},{\"@type\":\"BreadcrumbList\",\"@id\":\"https:\\\/\\\/museidartemendrisiotto.ch\\\/musei\\\/teatro-dellarchitettura\\\/#breadcrumb\",\"itemListElement\":[{\"@type\":\"ListItem\",\"position\":1,\"name\":\"Home\",\"item\":\"https:\\\/\\\/museidartemendrisiotto.ch\\\/de\\\/\"},{\"@type\":\"ListItem\",\"position\":2,\"name\":\"Die Museen\",\"item\":\"https:\\\/\\\/museidartemendrisiotto.ch\\\/de\\\/die-museen\\\/\"},{\"@type\":\"ListItem\",\"position\":3,\"name\":\"Teatro dell&#8217;Architettura\"}]},{\"@type\":\"WebSite\",\"@id\":\"https:\\\/\\\/museidartemendrisiotto.ch\\\/#website\",\"url\":\"https:\\\/\\\/museidartemendrisiotto.ch\\\/\",\"name\":\"Musei d\u2019Arte del Mendrisiotto\",\"description\":\"La rete dei Musei d\u2019Arte del Mendrisiotto (MAM) si propone di rafforzare la visibilit\u00e0, promuovere la conoscenza dei musei del Mendrisiotto\",\"publisher\":{\"@id\":\"https:\\\/\\\/museidartemendrisiotto.ch\\\/#organization\"},\"potentialAction\":[{\"@type\":\"SearchAction\",\"target\":{\"@type\":\"EntryPoint\",\"urlTemplate\":\"https:\\\/\\\/museidartemendrisiotto.ch\\\/?s={search_term_string}\"},\"query-input\":{\"@type\":\"PropertyValueSpecification\",\"valueRequired\":true,\"valueName\":\"search_term_string\"}}],\"inLanguage\":\"de\"},{\"@type\":\"Organization\",\"@id\":\"https:\\\/\\\/museidartemendrisiotto.ch\\\/#organization\",\"name\":\"Musei d\u2019Arte del Mendrisiotto\",\"url\":\"https:\\\/\\\/museidartemendrisiotto.ch\\\/\",\"logo\":{\"@type\":\"ImageObject\",\"inLanguage\":\"de\",\"@id\":\"https:\\\/\\\/museidartemendrisiotto.ch\\\/#\\\/schema\\\/logo\\\/image\\\/\",\"url\":\"https:\\\/\\\/museidartemendrisiotto.ch\\\/wp-content\\\/uploads\\\/2020\\\/06\\\/logo_mam.png\",\"contentUrl\":\"https:\\\/\\\/museidartemendrisiotto.ch\\\/wp-content\\\/uploads\\\/2020\\\/06\\\/logo_mam.png\",\"width\":350,\"height\":250,\"caption\":\"Musei d\u2019Arte del Mendrisiotto\"},\"image\":{\"@id\":\"https:\\\/\\\/museidartemendrisiotto.ch\\\/#\\\/schema\\\/logo\\\/image\\\/\"}}]}<\/script>\n<!-- \/ Yoast SEO plugin. -->","yoast_head_json":{"title":"Teatro dell'Architettura - Musei d\u2019Arte del Mendrisiotto","robots":{"index":"index","follow":"follow","max-snippet":"max-snippet:-1","max-image-preview":"max-image-preview:large","max-video-preview":"max-video-preview:-1"},"canonical":"https:\/\/museidartemendrisiotto.ch\/musei\/teatro-dellarchitettura\/","og_locale":"de_DE","og_type":"article","og_title":"Teatro dell'Architettura - Musei d\u2019Arte del Mendrisiotto","og_description":"Teatro dell\u2019architetturaMendrisio \u2013 USI Das vom Architekten Mario Botta auf dem Campus der Universit\u00e4t der Italienischen Schweiz \u2013 Architekturakademie realisierte Teatro dell\u2019architettura Mendrisio geht aus einer gemeinsamen Initiative der Universit\u00e4t der Italienischen Schweiz und der Stiftung Teatro dell\u2019architettura hervor und soll die kulturelle Auseinandersetzung mit Architektur f\u00f6rdern. Neben der didaktischen Arbeit und Forschungst\u00e4tigkeit, die an ... Weiterlesen Teatro dell&#8217;Architettura","og_url":"https:\/\/museidartemendrisiotto.ch\/musei\/teatro-dellarchitettura\/","og_site_name":"Musei d\u2019Arte del Mendrisiotto","article_modified_time":"2022-09-13T15:45:11+00:00","og_image":[{"url":"https:\/\/museidartemendrisiotto.ch\/wp-content\/uploads\/2020\/06\/TAM.jpg","type":"","width":"","height":""}],"twitter_card":"summary_large_image","twitter_misc":{"Gesch\u00e4tzte Lesezeit":"1\u00a0Minute"},"schema":{"@context":"https:\/\/schema.org","@graph":[{"@type":"WebPage","@id":"https:\/\/museidartemendrisiotto.ch\/musei\/teatro-dellarchitettura\/","url":"https:\/\/museidartemendrisiotto.ch\/musei\/teatro-dellarchitettura\/","name":"Teatro dell'Architettura - Musei d\u2019Arte del Mendrisiotto","isPartOf":{"@id":"https:\/\/museidartemendrisiotto.ch\/#website"},"primaryImageOfPage":{"@id":"https:\/\/museidartemendrisiotto.ch\/musei\/teatro-dellarchitettura\/#primaryimage"},"image":{"@id":"https:\/\/museidartemendrisiotto.ch\/musei\/teatro-dellarchitettura\/#primaryimage"},"thumbnailUrl":"https:\/\/museidartemendrisiotto.ch\/wp-content\/uploads\/2020\/06\/TAM.jpg","datePublished":"2020-06-23T15:22:26+00:00","dateModified":"2022-09-13T15:45:11+00:00","breadcrumb":{"@id":"https:\/\/museidartemendrisiotto.ch\/musei\/teatro-dellarchitettura\/#breadcrumb"},"inLanguage":"de","potentialAction":[{"@type":"ReadAction","target":["https:\/\/museidartemendrisiotto.ch\/musei\/teatro-dellarchitettura\/"]}]},{"@type":"ImageObject","inLanguage":"de","@id":"https:\/\/museidartemendrisiotto.ch\/musei\/teatro-dellarchitettura\/#primaryimage","url":"https:\/\/museidartemendrisiotto.ch\/wp-content\/uploads\/2020\/06\/TAM.jpg","contentUrl":"https:\/\/museidartemendrisiotto.ch\/wp-content\/uploads\/2020\/06\/TAM.jpg"},{"@type":"BreadcrumbList","@id":"https:\/\/museidartemendrisiotto.ch\/musei\/teatro-dellarchitettura\/#breadcrumb","itemListElement":[{"@type":"ListItem","position":1,"name":"Home","item":"https:\/\/museidartemendrisiotto.ch\/de\/"},{"@type":"ListItem","position":2,"name":"Die Museen","item":"https:\/\/museidartemendrisiotto.ch\/de\/die-museen\/"},{"@type":"ListItem","position":3,"name":"Teatro dell&#8217;Architettura"}]},{"@type":"WebSite","@id":"https:\/\/museidartemendrisiotto.ch\/#website","url":"https:\/\/museidartemendrisiotto.ch\/","name":"Musei d\u2019Arte del Mendrisiotto","description":"La rete dei Musei d\u2019Arte del Mendrisiotto (MAM) si propone di rafforzare la visibilit\u00e0, promuovere la conoscenza dei musei del Mendrisiotto","publisher":{"@id":"https:\/\/museidartemendrisiotto.ch\/#organization"},"potentialAction":[{"@type":"SearchAction","target":{"@type":"EntryPoint","urlTemplate":"https:\/\/museidartemendrisiotto.ch\/?s={search_term_string}"},"query-input":{"@type":"PropertyValueSpecification","valueRequired":true,"valueName":"search_term_string"}}],"inLanguage":"de"},{"@type":"Organization","@id":"https:\/\/museidartemendrisiotto.ch\/#organization","name":"Musei d\u2019Arte del Mendrisiotto","url":"https:\/\/museidartemendrisiotto.ch\/","logo":{"@type":"ImageObject","inLanguage":"de","@id":"https:\/\/museidartemendrisiotto.ch\/#\/schema\/logo\/image\/","url":"https:\/\/museidartemendrisiotto.ch\/wp-content\/uploads\/2020\/06\/logo_mam.png","contentUrl":"https:\/\/museidartemendrisiotto.ch\/wp-content\/uploads\/2020\/06\/logo_mam.png","width":350,"height":250,"caption":"Musei d\u2019Arte del Mendrisiotto"},"image":{"@id":"https:\/\/museidartemendrisiotto.ch\/#\/schema\/logo\/image\/"}}]}},"_links":{"self":[{"href":"https:\/\/museidartemendrisiotto.ch\/de\/wp-json\/wp\/v2\/pages\/1366","targetHints":{"allow":["GET"]}}],"collection":[{"href":"https:\/\/museidartemendrisiotto.ch\/de\/wp-json\/wp\/v2\/pages"}],"about":[{"href":"https:\/\/museidartemendrisiotto.ch\/de\/wp-json\/wp\/v2\/types\/page"}],"author":[{"embeddable":true,"href":"https:\/\/museidartemendrisiotto.ch\/de\/wp-json\/wp\/v2\/users\/2"}],"replies":[{"embeddable":true,"href":"https:\/\/museidartemendrisiotto.ch\/de\/wp-json\/wp\/v2\/comments?post=1366"}],"version-history":[{"count":15,"href":"https:\/\/museidartemendrisiotto.ch\/de\/wp-json\/wp\/v2\/pages\/1366\/revisions"}],"predecessor-version":[{"id":3629,"href":"https:\/\/museidartemendrisiotto.ch\/de\/wp-json\/wp\/v2\/pages\/1366\/revisions\/3629"}],"up":[{"embeddable":true,"href":"https:\/\/museidartemendrisiotto.ch\/de\/wp-json\/wp\/v2\/pages\/685"}],"wp:attachment":[{"href":"https:\/\/museidartemendrisiotto.ch\/de\/wp-json\/wp\/v2\/media?parent=1366"}],"curies":[{"name":"wp","href":"https:\/\/api.w.org\/{rel}","templated":true}]}}