{"id":439,"date":"2020-02-28T10:04:09","date_gmt":"2020-02-28T09:04:09","guid":{"rendered":"http:\/\/museidartemendrisiotto.ch\/zust\/"},"modified":"2024-11-08T11:03:19","modified_gmt":"2024-11-08T10:03:19","slug":"pinacoteca-cantonale-giovanni-zuest","status":"publish","type":"page","link":"https:\/\/museidartemendrisiotto.ch\/de\/die-museen\/pinacoteca-cantonale-giovanni-zuest\/","title":{"rendered":"Pinacoteca cantonale Giovanni Z\u00fcst"},"content":{"rendered":"\t\t<div data-elementor-type=\"wp-page\" data-elementor-id=\"439\" class=\"elementor elementor-439 elementor-210\">\n\t\t\t\t\t\t<section class=\"elementor-section elementor-top-section elementor-element elementor-element-7a6e796f elementor-section-boxed elementor-section-height-default elementor-section-height-default\" data-id=\"7a6e796f\" data-element_type=\"section\" data-e-type=\"section\">\n\t\t\t\t\t\t<div class=\"elementor-container elementor-column-gap-default\">\n\t\t\t\t\t<div class=\"elementor-column elementor-col-100 elementor-top-column elementor-element elementor-element-32fbf650\" data-id=\"32fbf650\" data-element_type=\"column\" data-e-type=\"column\">\n\t\t\t<div class=\"elementor-widget-wrap elementor-element-populated\">\n\t\t\t\t\t\t<div class=\"elementor-element elementor-element-e55564e elementor-widget elementor-widget-text-editor\" data-id=\"e55564e\" data-element_type=\"widget\" data-e-type=\"widget\" data-widget_type=\"text-editor.default\">\n\t\t\t\t<div class=\"elementor-widget-container\">\n\t\t\t\t\t\t\t\t\t<p><img fetchpriority=\"high\" decoding=\"async\" src=\"https:\/\/museidartemendrisiotto.ch\/wp-content\/uploads\/2020\/04\/pinacoteca-zust-def.jpg\" sizes=\"(max-width: 1400px) 100vw, 1400px\" srcset=\"https:\/\/museidartemendrisiotto.ch\/wp-content\/uploads\/2020\/04\/pinacoteca-zust-def.jpg 1400w, https:\/\/museidartemendrisiotto.ch\/wp-content\/uploads\/2020\/04\/pinacoteca-zust-def-300x161.jpg 300w, https:\/\/museidartemendrisiotto.ch\/wp-content\/uploads\/2020\/04\/pinacoteca-zust-def-1024x549.jpg 1024w, https:\/\/museidartemendrisiotto.ch\/wp-content\/uploads\/2020\/04\/pinacoteca-zust-def-768x411.jpg 768w, https:\/\/museidartemendrisiotto.ch\/wp-content\/uploads\/2020\/04\/pinacoteca-zust-def-350x188.jpg 350w\" alt=\"\" width=\"1400\" height=\"750\"><\/p>\n<h1>Pinacoteca cantonale Giovanni Zu\u0308st<\/h1>\n<p>Mit ihrer reichhaltigen st\u00e4ndigen Sammlung \u2013 die im Rotationsprinzip ausgestellt wird \u2013 und den interessanten Wechselausstellungen bildet heute die Pinacoteca Cantonale Giovanni Zu\u0308st den wichtigsten Studienort im Tessin f\u00fcr die lombardische und Tessiner Kunst von der Renaissance bis zum 19. Jahrhundert. Sie verdankt ihre Entstehung der Grosszu\u0308gigkeit Giovanni Zu\u0308sts (Basel 1887 \u2013 Rancate 1976), der den Entschluss fasste, seinen Namen mit dem kleinen Dorf zu verbinden, das seine neue Heimat geworden war. Nicht nur die 1966 dem Kanton als Schenkung u\u0308berlassenen Bilder aus dem 17. bis zum 20. Jahrhundert geh\u00f6rten zu seiner Sammlung, sondern urspr\u00fcnglich auch wertvolle silberne Objekte, die er dem Historischen Museum in Sankt Gallen vermachte (1969), sowie etruskische und griechische Kunstobjekte, die spa\u0308ter den Grundstock des Antikenmuseum in Basel bilden sollten (1961).<\/p>\n<p>Die Pinakothek befindet sich in den eindrucksvollen R\u00e4umen des alten Pfarrhauses, das vom bekannten Architekten Tita Carloni renoviert und erweitert wurde. Ho\u0308hepunkt der Sammlung bilden die an Caravaggio erinnernden Hauptwerke Giovanni Serodines aus Ascona (1594\/1600-1630), den Roberto Longhi als \u201enicht nur den st\u00e4rksten Maler des Kantons Tessin, sondern einen der gro\u0308ssten des ganzen italienischen Seicento\u201c bezeichnete: Als besonderes Juwel gilt <em>Der Heilige Petrus in Meditation<\/em>. Ebenfalls von grosser Bedeutung sind alle Werke von Giuseppe Antonio Petrini aus Carona (1677- 1758\/1759), einem der Hauptakteure des Settecento im Tessin und in der Lombardei.<\/p>\n<p>Am st\u00e4rksten vertreten ist jedoch das 19. Jahrhundert, mit Kunstwerke der wichtigsten K\u00fcnstler aus der Lombardei und dem Tessin, die alle an der Brera Akademie in Mailand ausgebildet wurden: Antonio Rinaldi, Luigi Rossi, Adolfo Feragutti Visconti, Gioachimo Galbusera\u2026<\/p>\n<p>Die Sammlungen werden besta\u0308ndig erweitert dank neuer Anka\u0308ufe, Schenkungen und Leihgaben \u2013 wie die Sammlung Molo, die Hauptwerke italienischer Malerei entha\u0308lt (Fattori, Segantini, Previati, Mose\u0300 Bianchi, Cabianca und andere). Jedes Jahr werden zwei tempor\u00e4re Ausstellungen pr\u00e4sentiert, immer von bekannten Pers\u00f6nlichkeiten aus der Welt der Kunstgeschichte kuratiert.<\/p>\n<h4>\u00d6ffnungszeiten<\/h4>\n<p style=\"--bdt-inverse: initial;\"><b style=\"--bdt-inverse: initial;\">M\u00e4rz-Juni und September 2024<\/b><br style=\"--bdt-inverse: initial;\">von Dienstag bis Freitag:<br style=\"--bdt-inverse: initial;\">9-12 \/ 14-17<br style=\"--bdt-inverse: initial;\">Samstag, Sonntag und Feiertage:<br style=\"--bdt-inverse: initial;\">10-12 \/ 14-18<\/p>\n<p style=\"--bdt-inverse: initial;\"><b style=\"--bdt-inverse: initial;\">Juli und August 2024<\/b><br style=\"--bdt-inverse: initial;\">von Dienstag bis Freitag:<br style=\"--bdt-inverse: initial;\">14-17<\/p>\n<p style=\"--bdt-inverse: initial;\"><b style=\"--bdt-inverse: initial;\">20 Oktober 2024 \u2013 23 Februar 2025&nbsp;<\/b><br style=\"--bdt-inverse: initial;\">von Dienstag bis Freitag:<br style=\"--bdt-inverse: initial;\">9-12 \/ 14-17&nbsp;<br style=\"--bdt-inverse: initial;\">Samstag, Sonntag und Feiertage:<br style=\"--bdt-inverse: initial;\">10-12 \/ 14-18&nbsp;<br style=\"--bdt-inverse: initial;\"><\/p>\n<p style=\"--bdt-inverse: initial;\"><b style=\"--bdt-inverse: initial;\">Sonder\u00f6ffnungen&nbsp;<br style=\"--bdt-inverse: initial;\"><\/b>8 Dezember 2024&nbsp;<br style=\"--bdt-inverse: initial;\">26 Dezember 2024<br style=\"--bdt-inverse: initial;\">1 Januar 2025<br style=\"--bdt-inverse: initial;\">6 Januar 2025<\/p>\n<p>Montags geschlossen<\/p>\n<p><u><a href=\"https:\/\/www4.ti.ch\/decs\/dcsu\/pinacoteca-zuest\/info-pinacoteca\/orari-e-dove-trovarci\/\" target=\"_blank\" rel=\"noopener noreferrer\">&gt;&gt;&gt; Informationen \u00fcber besondere \u00d6ffnungszeiten \/ Schliesszeiten<\/a> <\/u><\/p>\n<h4>Eintrittspreise<\/h4>\n<p>Erwachsene&nbsp;CHF <b>10.-<\/b><br>Reduziert&nbsp;CHF <b>8.-<\/b><br>Schulen, unter 16 Jahre alt <b>Gratiseintritt<\/b><\/p>\n<p>Informationen und Anmeldung f\u00fcr F\u00fchrungen und Aktivit\u00e4ten:<br>T +41 (0)91 816 47 91<br><a href=\"mailto:decs-pinacoteca.zuest@ti.ch\">decs-pinacoteca.zuest@ti.ch<\/a><\/p>\n<h4>Adresse und Kontakte<\/h4>\n<p>Via Pinacoteca Z\u00fcst 2, 6862&nbsp;Rancate<\/p>\n<p>T +41 91 816 47 91<br><a href=\"mailto:decs-pinacoteca.zuest@ti.ch\">decs-pinacoteca.zuest@ti.ch<\/a><br><a href=\"https:\/\/www4.ti.ch\/decs\/dcsu\/pinacoteca-zuest\/home\/\" target=\"_blank\" rel=\"noopener noreferrer\">Pinacoteca Z\u00fcst<\/a><\/p>\n<p><a href=\"https:\/\/it-it.facebook.com\/pinacotecazuest\/\" target=\"_blank\" rel=\"noopener noreferrer\"><br>Facebook<br><\/a><\/p>\n<h4>Anfahrt<\/h4>\n<p><strong>Mit Bahn und Postbus<br><\/strong>Bahnhaltestelle:&nbsp; MENDRISIO (10 min zu Fu\u00df)<br>Oder mit dem Postbus 524, 525<br>Haltestelle: Rancate, Cimitero (3 min)<\/p>\t\t\t\t\t\t\t\t<\/div>\n\t\t\t\t<\/div>\n\t\t\t\t\t<\/div>\n\t\t<\/div>\n\t\t\t\t\t<\/div>\n\t\t<\/section>\n\t\t\t\t<\/div>\n\t\t","protected":false},"excerpt":{"rendered":"<p>Pinacoteca cantonale Giovanni Zu\u0308st Mit ihrer reichhaltigen st\u00e4ndigen Sammlung \u2013 die im Rotationsprinzip ausgestellt wird \u2013 und den interessanten Wechselausstellungen bildet heute die Pinacoteca Cantonale Giovanni Zu\u0308st den wichtigsten Studienort im Tessin f\u00fcr die lombardische und Tessiner Kunst von der Renaissance bis zum 19. Jahrhundert. Sie verdankt ihre Entstehung der Grosszu\u0308gigkeit Giovanni Zu\u0308sts (Basel 1887 &#8230; <a title=\"Pinacoteca cantonale Giovanni Z\u00fcst\" class=\"read-more\" href=\"https:\/\/museidartemendrisiotto.ch\/de\/die-museen\/pinacoteca-cantonale-giovanni-zuest\/\">Weiterlesen <span class=\"screen-reader-text\">Pinacoteca cantonale Giovanni Z\u00fcst<\/span><\/a><\/p>\n","protected":false},"author":1,"featured_media":0,"parent":685,"menu_order":0,"comment_status":"closed","ping_status":"closed","template":"","meta":{"_monsterinsights_skip_tracking":false,"_monsterinsights_sitenote_active":false,"_monsterinsights_sitenote_note":"","_monsterinsights_sitenote_category":0,"footnotes":"","_links_to":"","_links_to_target":""},"class_list":["post-439","page","type-page","status-publish"],"yoast_head":"<!-- This site is optimized with the Yoast SEO plugin v27.2 - https:\/\/yoast.com\/product\/yoast-seo-wordpress\/ -->\n<title>Pinacoteca cantonale Giovanni Z\u00fcst - Musei d\u2019Arte del Mendrisiotto<\/title>\n<meta name=\"robots\" content=\"index, follow, max-snippet:-1, max-image-preview:large, max-video-preview:-1\" \/>\n<link rel=\"canonical\" href=\"https:\/\/museidartemendrisiotto.ch\/de\/die-museen\/pinacoteca-cantonale-giovanni-zuest\/\" \/>\n<meta property=\"og:locale\" content=\"de_DE\" \/>\n<meta property=\"og:type\" content=\"article\" \/>\n<meta property=\"og:title\" content=\"Pinacoteca cantonale Giovanni Z\u00fcst - Musei d\u2019Arte del Mendrisiotto\" \/>\n<meta property=\"og:description\" content=\"Pinacoteca cantonale Giovanni Zu\u0308st Mit ihrer reichhaltigen st\u00e4ndigen Sammlung \u2013 die im Rotationsprinzip ausgestellt wird \u2013 und den interessanten Wechselausstellungen bildet heute die Pinacoteca Cantonale Giovanni Zu\u0308st den wichtigsten Studienort im Tessin f\u00fcr die lombardische und Tessiner Kunst von der Renaissance bis zum 19. Jahrhundert. Sie verdankt ihre Entstehung der Grosszu\u0308gigkeit Giovanni Zu\u0308sts (Basel 1887 ... Weiterlesen Pinacoteca cantonale Giovanni Z\u00fcst\" \/>\n<meta property=\"og:url\" content=\"https:\/\/museidartemendrisiotto.ch\/de\/die-museen\/pinacoteca-cantonale-giovanni-zuest\/\" \/>\n<meta property=\"og:site_name\" content=\"Musei d\u2019Arte del Mendrisiotto\" \/>\n<meta property=\"article:modified_time\" content=\"2024-11-08T10:03:19+00:00\" \/>\n<meta property=\"og:image\" content=\"https:\/\/museidartemendrisiotto.ch\/wp-content\/uploads\/2020\/04\/pinacoteca-zust-def.jpg\" \/>\n<meta name=\"twitter:card\" content=\"summary_large_image\" \/>\n<meta name=\"twitter:label1\" content=\"Gesch\u00e4tzte Lesezeit\" \/>\n\t<meta name=\"twitter:data1\" content=\"3\u00a0Minuten\" \/>\n<script type=\"application\/ld+json\" class=\"yoast-schema-graph\">{\"@context\":\"https:\/\/schema.org\",\"@graph\":[{\"@type\":\"WebPage\",\"@id\":\"https:\/\/museidartemendrisiotto.ch\/de\/die-museen\/pinacoteca-cantonale-giovanni-zuest\/\",\"url\":\"https:\/\/museidartemendrisiotto.ch\/de\/die-museen\/pinacoteca-cantonale-giovanni-zuest\/\",\"name\":\"Pinacoteca cantonale Giovanni Z\u00fcst - Musei d\u2019Arte del Mendrisiotto\",\"isPartOf\":{\"@id\":\"https:\/\/museidartemendrisiotto.ch\/#website\"},\"primaryImageOfPage\":{\"@id\":\"https:\/\/museidartemendrisiotto.ch\/de\/die-museen\/pinacoteca-cantonale-giovanni-zuest\/#primaryimage\"},\"image\":{\"@id\":\"https:\/\/museidartemendrisiotto.ch\/de\/die-museen\/pinacoteca-cantonale-giovanni-zuest\/#primaryimage\"},\"thumbnailUrl\":\"https:\/\/museidartemendrisiotto.ch\/wp-content\/uploads\/2020\/04\/pinacoteca-zust-def.jpg\",\"datePublished\":\"2020-02-28T09:04:09+00:00\",\"dateModified\":\"2024-11-08T10:03:19+00:00\",\"breadcrumb\":{\"@id\":\"https:\/\/museidartemendrisiotto.ch\/de\/die-museen\/pinacoteca-cantonale-giovanni-zuest\/#breadcrumb\"},\"inLanguage\":\"de\",\"potentialAction\":[{\"@type\":\"ReadAction\",\"target\":[\"https:\/\/museidartemendrisiotto.ch\/de\/die-museen\/pinacoteca-cantonale-giovanni-zuest\/\"]}]},{\"@type\":\"ImageObject\",\"inLanguage\":\"de\",\"@id\":\"https:\/\/museidartemendrisiotto.ch\/de\/die-museen\/pinacoteca-cantonale-giovanni-zuest\/#primaryimage\",\"url\":\"https:\/\/museidartemendrisiotto.ch\/wp-content\/uploads\/2020\/04\/pinacoteca-zust-def.jpg\",\"contentUrl\":\"https:\/\/museidartemendrisiotto.ch\/wp-content\/uploads\/2020\/04\/pinacoteca-zust-def.jpg\"},{\"@type\":\"BreadcrumbList\",\"@id\":\"https:\/\/museidartemendrisiotto.ch\/de\/die-museen\/pinacoteca-cantonale-giovanni-zuest\/#breadcrumb\",\"itemListElement\":[{\"@type\":\"ListItem\",\"position\":1,\"name\":\"Home\",\"item\":\"https:\/\/museidartemendrisiotto.ch\/de\/\"},{\"@type\":\"ListItem\",\"position\":2,\"name\":\"Die Museen\",\"item\":\"https:\/\/museidartemendrisiotto.ch\/de\/die-museen\/\"},{\"@type\":\"ListItem\",\"position\":3,\"name\":\"Pinacoteca cantonale Giovanni Z\u00fcst\"}]},{\"@type\":\"WebSite\",\"@id\":\"https:\/\/museidartemendrisiotto.ch\/#website\",\"url\":\"https:\/\/museidartemendrisiotto.ch\/\",\"name\":\"Musei d\u2019Arte del Mendrisiotto\",\"description\":\"La rete dei Musei d\u2019Arte del Mendrisiotto (MAM) si propone di rafforzare la visibilit\u00e0, promuovere la conoscenza dei musei del Mendrisiotto\",\"publisher\":{\"@id\":\"https:\/\/museidartemendrisiotto.ch\/#organization\"},\"potentialAction\":[{\"@type\":\"SearchAction\",\"target\":{\"@type\":\"EntryPoint\",\"urlTemplate\":\"https:\/\/museidartemendrisiotto.ch\/?s={search_term_string}\"},\"query-input\":{\"@type\":\"PropertyValueSpecification\",\"valueRequired\":true,\"valueName\":\"search_term_string\"}}],\"inLanguage\":\"de\"},{\"@type\":\"Organization\",\"@id\":\"https:\/\/museidartemendrisiotto.ch\/#organization\",\"name\":\"Musei d\u2019Arte del Mendrisiotto\",\"url\":\"https:\/\/museidartemendrisiotto.ch\/\",\"logo\":{\"@type\":\"ImageObject\",\"inLanguage\":\"de\",\"@id\":\"https:\/\/museidartemendrisiotto.ch\/#\/schema\/logo\/image\/\",\"url\":\"https:\/\/museidartemendrisiotto.ch\/wp-content\/uploads\/2020\/06\/logo_mam.png\",\"contentUrl\":\"https:\/\/museidartemendrisiotto.ch\/wp-content\/uploads\/2020\/06\/logo_mam.png\",\"width\":350,\"height\":250,\"caption\":\"Musei d\u2019Arte del Mendrisiotto\"},\"image\":{\"@id\":\"https:\/\/museidartemendrisiotto.ch\/#\/schema\/logo\/image\/\"}}]}<\/script>\n<!-- \/ Yoast SEO plugin. -->","yoast_head_json":{"title":"Pinacoteca cantonale Giovanni Z\u00fcst - Musei d\u2019Arte del Mendrisiotto","robots":{"index":"index","follow":"follow","max-snippet":"max-snippet:-1","max-image-preview":"max-image-preview:large","max-video-preview":"max-video-preview:-1"},"canonical":"https:\/\/museidartemendrisiotto.ch\/de\/die-museen\/pinacoteca-cantonale-giovanni-zuest\/","og_locale":"de_DE","og_type":"article","og_title":"Pinacoteca cantonale Giovanni Z\u00fcst - Musei d\u2019Arte del Mendrisiotto","og_description":"Pinacoteca cantonale Giovanni Zu\u0308st Mit ihrer reichhaltigen st\u00e4ndigen Sammlung \u2013 die im Rotationsprinzip ausgestellt wird \u2013 und den interessanten Wechselausstellungen bildet heute die Pinacoteca Cantonale Giovanni Zu\u0308st den wichtigsten Studienort im Tessin f\u00fcr die lombardische und Tessiner Kunst von der Renaissance bis zum 19. Jahrhundert. Sie verdankt ihre Entstehung der Grosszu\u0308gigkeit Giovanni Zu\u0308sts (Basel 1887 ... Weiterlesen Pinacoteca cantonale Giovanni Z\u00fcst","og_url":"https:\/\/museidartemendrisiotto.ch\/de\/die-museen\/pinacoteca-cantonale-giovanni-zuest\/","og_site_name":"Musei d\u2019Arte del Mendrisiotto","article_modified_time":"2024-11-08T10:03:19+00:00","og_image":[{"url":"https:\/\/museidartemendrisiotto.ch\/wp-content\/uploads\/2020\/04\/pinacoteca-zust-def.jpg","type":"","width":"","height":""}],"twitter_card":"summary_large_image","twitter_misc":{"Gesch\u00e4tzte Lesezeit":"3\u00a0Minuten"},"schema":{"@context":"https:\/\/schema.org","@graph":[{"@type":"WebPage","@id":"https:\/\/museidartemendrisiotto.ch\/de\/die-museen\/pinacoteca-cantonale-giovanni-zuest\/","url":"https:\/\/museidartemendrisiotto.ch\/de\/die-museen\/pinacoteca-cantonale-giovanni-zuest\/","name":"Pinacoteca cantonale Giovanni Z\u00fcst - Musei d\u2019Arte del Mendrisiotto","isPartOf":{"@id":"https:\/\/museidartemendrisiotto.ch\/#website"},"primaryImageOfPage":{"@id":"https:\/\/museidartemendrisiotto.ch\/de\/die-museen\/pinacoteca-cantonale-giovanni-zuest\/#primaryimage"},"image":{"@id":"https:\/\/museidartemendrisiotto.ch\/de\/die-museen\/pinacoteca-cantonale-giovanni-zuest\/#primaryimage"},"thumbnailUrl":"https:\/\/museidartemendrisiotto.ch\/wp-content\/uploads\/2020\/04\/pinacoteca-zust-def.jpg","datePublished":"2020-02-28T09:04:09+00:00","dateModified":"2024-11-08T10:03:19+00:00","breadcrumb":{"@id":"https:\/\/museidartemendrisiotto.ch\/de\/die-museen\/pinacoteca-cantonale-giovanni-zuest\/#breadcrumb"},"inLanguage":"de","potentialAction":[{"@type":"ReadAction","target":["https:\/\/museidartemendrisiotto.ch\/de\/die-museen\/pinacoteca-cantonale-giovanni-zuest\/"]}]},{"@type":"ImageObject","inLanguage":"de","@id":"https:\/\/museidartemendrisiotto.ch\/de\/die-museen\/pinacoteca-cantonale-giovanni-zuest\/#primaryimage","url":"https:\/\/museidartemendrisiotto.ch\/wp-content\/uploads\/2020\/04\/pinacoteca-zust-def.jpg","contentUrl":"https:\/\/museidartemendrisiotto.ch\/wp-content\/uploads\/2020\/04\/pinacoteca-zust-def.jpg"},{"@type":"BreadcrumbList","@id":"https:\/\/museidartemendrisiotto.ch\/de\/die-museen\/pinacoteca-cantonale-giovanni-zuest\/#breadcrumb","itemListElement":[{"@type":"ListItem","position":1,"name":"Home","item":"https:\/\/museidartemendrisiotto.ch\/de\/"},{"@type":"ListItem","position":2,"name":"Die Museen","item":"https:\/\/museidartemendrisiotto.ch\/de\/die-museen\/"},{"@type":"ListItem","position":3,"name":"Pinacoteca cantonale Giovanni Z\u00fcst"}]},{"@type":"WebSite","@id":"https:\/\/museidartemendrisiotto.ch\/#website","url":"https:\/\/museidartemendrisiotto.ch\/","name":"Musei d\u2019Arte del Mendrisiotto","description":"La rete dei Musei d\u2019Arte del Mendrisiotto (MAM) si propone di rafforzare la visibilit\u00e0, promuovere la conoscenza dei musei del Mendrisiotto","publisher":{"@id":"https:\/\/museidartemendrisiotto.ch\/#organization"},"potentialAction":[{"@type":"SearchAction","target":{"@type":"EntryPoint","urlTemplate":"https:\/\/museidartemendrisiotto.ch\/?s={search_term_string}"},"query-input":{"@type":"PropertyValueSpecification","valueRequired":true,"valueName":"search_term_string"}}],"inLanguage":"de"},{"@type":"Organization","@id":"https:\/\/museidartemendrisiotto.ch\/#organization","name":"Musei d\u2019Arte del Mendrisiotto","url":"https:\/\/museidartemendrisiotto.ch\/","logo":{"@type":"ImageObject","inLanguage":"de","@id":"https:\/\/museidartemendrisiotto.ch\/#\/schema\/logo\/image\/","url":"https:\/\/museidartemendrisiotto.ch\/wp-content\/uploads\/2020\/06\/logo_mam.png","contentUrl":"https:\/\/museidartemendrisiotto.ch\/wp-content\/uploads\/2020\/06\/logo_mam.png","width":350,"height":250,"caption":"Musei d\u2019Arte del Mendrisiotto"},"image":{"@id":"https:\/\/museidartemendrisiotto.ch\/#\/schema\/logo\/image\/"}}]}},"_links":{"self":[{"href":"https:\/\/museidartemendrisiotto.ch\/de\/wp-json\/wp\/v2\/pages\/439","targetHints":{"allow":["GET"]}}],"collection":[{"href":"https:\/\/museidartemendrisiotto.ch\/de\/wp-json\/wp\/v2\/pages"}],"about":[{"href":"https:\/\/museidartemendrisiotto.ch\/de\/wp-json\/wp\/v2\/types\/page"}],"author":[{"embeddable":true,"href":"https:\/\/museidartemendrisiotto.ch\/de\/wp-json\/wp\/v2\/users\/1"}],"replies":[{"embeddable":true,"href":"https:\/\/museidartemendrisiotto.ch\/de\/wp-json\/wp\/v2\/comments?post=439"}],"version-history":[{"count":28,"href":"https:\/\/museidartemendrisiotto.ch\/de\/wp-json\/wp\/v2\/pages\/439\/revisions"}],"predecessor-version":[{"id":7051,"href":"https:\/\/museidartemendrisiotto.ch\/de\/wp-json\/wp\/v2\/pages\/439\/revisions\/7051"}],"up":[{"embeddable":true,"href":"https:\/\/museidartemendrisiotto.ch\/de\/wp-json\/wp\/v2\/pages\/685"}],"wp:attachment":[{"href":"https:\/\/museidartemendrisiotto.ch\/de\/wp-json\/wp\/v2\/media?parent=439"}],"curies":[{"name":"wp","href":"https:\/\/api.w.org\/{rel}","templated":true}]}}