{"id":1333,"date":"2020-06-23T13:43:05","date_gmt":"2020-06-23T11:43:05","guid":{"rendered":"http:\/\/museidartemendrisiotto.ch\/?page_id=1333"},"modified":"2020-06-26T15:57:21","modified_gmt":"2020-06-26T13:57:21","slug":"m-a-x-museo","status":"publish","type":"page","link":"https:\/\/museidartemendrisiotto.ch\/fr\/les-musees\/m-a-x-museo\/","title":{"rendered":"m.a.x. Museo"},"content":{"rendered":"\t\t<div data-elementor-type=\"wp-page\" data-elementor-id=\"1333\" class=\"elementor elementor-1333 elementor-206\">\n\t\t\t\t\t\t<section class=\"elementor-section elementor-top-section elementor-element elementor-element-6ecb70e elementor-section-full_width elementor-section-height-default elementor-section-height-default\" data-id=\"6ecb70e\" data-element_type=\"section\" data-e-type=\"section\">\n\t\t\t\t\t\t<div class=\"elementor-container elementor-column-gap-default\">\n\t\t\t\t\t<div class=\"elementor-column elementor-col-100 elementor-top-column elementor-element elementor-element-339ccdc\" data-id=\"339ccdc\" data-element_type=\"column\" data-e-type=\"column\">\n\t\t\t<div class=\"elementor-widget-wrap elementor-element-populated\">\n\t\t\t\t\t\t<div class=\"elementor-element elementor-element-d3ce3b1 elementor-widget elementor-widget-image\" data-id=\"d3ce3b1\" data-element_type=\"widget\" data-e-type=\"widget\" data-widget_type=\"image.default\">\n\t\t\t\t<div class=\"elementor-widget-container\">\n\t\t\t\t\t\t\t\t\t\t\t\t\t\t\t<img fetchpriority=\"high\" decoding=\"async\" width=\"1400\" height=\"750\" src=\"https:\/\/museidartemendrisiotto.ch\/wp-content\/uploads\/2020\/06\/max.jpg\" class=\"attachment-full size-full wp-image-887\" alt=\"\" srcset=\"https:\/\/museidartemendrisiotto.ch\/wp-content\/uploads\/2020\/06\/max.jpg 1400w, https:\/\/museidartemendrisiotto.ch\/wp-content\/uploads\/2020\/06\/max-300x161.jpg 300w, https:\/\/museidartemendrisiotto.ch\/wp-content\/uploads\/2020\/06\/max-1024x549.jpg 1024w, https:\/\/museidartemendrisiotto.ch\/wp-content\/uploads\/2020\/06\/max-768x411.jpg 768w, https:\/\/museidartemendrisiotto.ch\/wp-content\/uploads\/2020\/06\/max-350x188.jpg 350w\" sizes=\"(max-width: 1400px) 100vw, 1400px\" \/>\t\t\t\t\t\t\t\t\t\t\t\t\t\t\t<\/div>\n\t\t\t\t<\/div>\n\t\t\t\t<div class=\"elementor-element elementor-element-63b613a elementor-widget elementor-widget-heading\" data-id=\"63b613a\" data-element_type=\"widget\" data-e-type=\"widget\" data-widget_type=\"heading.default\">\n\t\t\t\t<div class=\"elementor-widget-container\">\n\t\t\t\t\t<h1 class=\"elementor-heading-title elementor-size-default\">m.a.x. museo<\/h1>\t\t\t\t<\/div>\n\t\t\t\t<\/div>\n\t\t\t\t<div class=\"elementor-element elementor-element-17289a9 elementor-widget elementor-widget-text-editor\" data-id=\"17289a9\" data-element_type=\"widget\" data-e-type=\"widget\" data-widget_type=\"text-editor.default\">\n\t\t\t\t<div class=\"elementor-widget-container\">\n\t\t\t\t\t\t\t\t\t<p>Le\u00a0<strong>m.a.x. museo<\/strong>, inaugur\u00e9 le 12 novembre 2005 \u00e0 l&rsquo;initiative de la Fondation Max Huber-Kono de Chiasso, est une institution publique de la municipalit\u00e9 de Chiasso depuis 2010 et fait partie de l&rsquo;ICOM (<em>Conseil international des mus\u00e9es<\/em>).<\/p><p>La mission du mus\u00e9e m.a.x. est de diffuser la connaissance du\u00a0<strong>graphisme<\/strong>, du\u00a0<strong>design<\/strong>, de la\u00a0<strong>photographie<\/strong>\u00a0et de la\u00a0<strong>communication visuelle contemporaine<\/strong>, formant un pont entre le pass\u00e9 et les nouvelles g\u00e9n\u00e9rations de designers graphiques. A c\u00f4t\u00e9 du mus\u00e9e se trouve le\u00a0<strong>Spazio Officina<\/strong>, dont la mission est li\u00e9e \u00e0 celle du mus\u00e9e m.a.x. et qui, comme le mus\u00e9e, entretient des relations \u00e9troites avec le territoire. Dans son salon sont organis\u00e9es chaque ann\u00e9e des expositions, des congr\u00e8s, spectacles et concerts: le Spazio Officina propose un programme vari\u00e9 qui implique activement des associations culturelles de la region.<\/p><p>Pr\u00e8s du mus\u00e9e m.a.x. et du Spazio Officina se trouvent le\u00a0<strong>Cin\u00e9ma Teatro<\/strong>\u00a0et la\u00a0<strong>Biblioth\u00e8que<\/strong>.<strong>\u00a0<\/strong>L&rsquo;ensemble des quatre b\u00e2timents constitue le nouveau et important\u00a0<strong>Centro Culturale Chiasso<\/strong>, caract\u00e9ris\u00e9 par l&rsquo;organisation d&rsquo;expositions\u00a0d&rsquo;arts\u00a0nationales et internationales et d&rsquo;une saison th\u00e9\u00e2trale de haut niveau.<\/p><p>Le 3 avril 2019, le Centro Culturale Chiasso a re\u00e7u le Doron Award pour son \u00ab\u00a0excellente offre culturelle\u00a0\u00bb.\u00a0<\/p>\t\t\t\t\t\t\t\t<\/div>\n\t\t\t\t<\/div>\n\t\t\t\t<section class=\"elementor-section elementor-inner-section elementor-element elementor-element-f37349d elementor-section-full_width elementor-section-height-default elementor-section-height-default\" data-id=\"f37349d\" data-element_type=\"section\" data-e-type=\"section\">\n\t\t\t\t\t\t<div class=\"elementor-container elementor-column-gap-default\">\n\t\t\t\t\t<div class=\"elementor-column elementor-col-50 elementor-inner-column elementor-element elementor-element-e2ddde7\" data-id=\"e2ddde7\" data-element_type=\"column\" data-e-type=\"column\">\n\t\t\t<div class=\"elementor-widget-wrap elementor-element-populated\">\n\t\t\t\t\t\t<div class=\"elementor-element elementor-element-69bf779 elementor-widget elementor-widget-heading\" data-id=\"69bf779\" data-element_type=\"widget\" data-e-type=\"widget\" data-widget_type=\"heading.default\">\n\t\t\t\t<div class=\"elementor-widget-container\">\n\t\t\t\t\t<h4 class=\"elementor-heading-title elementor-size-default\">Horaires<\/h4>\t\t\t\t<\/div>\n\t\t\t\t<\/div>\n\t\t\t\t<div class=\"elementor-element elementor-element-f20b958 elementor-widget elementor-widget-text-editor\" data-id=\"f20b958\" data-element_type=\"widget\" data-e-type=\"widget\" data-widget_type=\"text-editor.default\">\n\t\t\t\t<div class=\"elementor-widget-container\">\n\t\t\t\t\t\t\t\t\t<p>mardi \u2212 dimanche<br \/>10.00 \u2212 12.00<br \/>14.00 \u2212 18.00<br \/>Ferm\u00e9 le lundi<br \/><a href=\"http:\/\/www.centroculturalechiasso.ch\/m-a-x-museo\/contatti\/\">&gt;&gt;&gt; Informations sur les ouvertures et fermetures sp\u00e9ciales<\/a><\/p>\t\t\t\t\t\t\t\t<\/div>\n\t\t\t\t<\/div>\n\t\t\t\t<div class=\"elementor-element elementor-element-648743b elementor-widget elementor-widget-heading\" data-id=\"648743b\" data-element_type=\"widget\" data-e-type=\"widget\" data-widget_type=\"heading.default\">\n\t\t\t\t<div class=\"elementor-widget-container\">\n\t\t\t\t\t<h4 class=\"elementor-heading-title elementor-size-default\">Tarifs<\/h4>\t\t\t\t<\/div>\n\t\t\t\t<\/div>\n\t\t\t\t<div class=\"elementor-element elementor-element-efcb89e elementor-widget elementor-widget-text-editor\" data-id=\"efcb89e\" data-element_type=\"widget\" data-e-type=\"widget\" data-widget_type=\"text-editor.default\">\n\t\t\t\t<div class=\"elementor-widget-container\">\n\t\t\t\t\t\t\t\t\t<p>Adulte CHF <strong>10.-<\/strong><br \/>Tarif r\u00e9duit CHF <strong>7.-<\/strong><br \/>\u00c9coles et groupes de moins de 15 personnes CHF <strong>5.-<\/strong><br \/>Enfants jusqu\u2019\u00e0 7 ans <b>Gratuit<br \/><\/b>Entr\u00e9e gratuite le 1er dimanche du mois<\/p><p>Informations et r\u00e9servations pour les visites guid\u00e9es et les activit\u00e9s: <br \/>+41 (0)58 122 42 52<br \/><a href=\"eventi@maxmuseo.ch\" target=\"_blank\" rel=\"noopener\">eventi@maxmuseo.ch<\/a><\/p>\t\t\t\t\t\t\t\t<\/div>\n\t\t\t\t<\/div>\n\t\t\t\t<div class=\"elementor-element elementor-element-6911783 elementor-widget elementor-widget-heading\" data-id=\"6911783\" data-element_type=\"widget\" data-e-type=\"widget\" data-widget_type=\"heading.default\">\n\t\t\t\t<div class=\"elementor-widget-container\">\n\t\t\t\t\t<h4 class=\"elementor-heading-title elementor-size-default\"><h4 data-elementor-setting-key=\"title\" data-pen-placeholder=\"Digita qui...\" style=\"font-size: 17px;font-style: normal\"><p style=\"margin: 0cm 0cm 0.0001pt;font-size: 12pt;, serif;font-weight: 400;letter-spacing: normal;white-space: normal\"><b><span lang=\"FR-CH\" style=\", sans-serif\">Acc\u00e8s<\/span><\/b><span style=\"font-family: Roboto, sans-serif;font-size: 17px;font-weight: 600;white-space: pre-wrap\"><\/span><\/p><\/h4><\/h4>\t\t\t\t<\/div>\n\t\t\t\t<\/div>\n\t\t\t\t<div class=\"elementor-element elementor-element-315242b elementor-widget elementor-widget-text-editor\" data-id=\"315242b\" data-element_type=\"widget\" data-e-type=\"widget\" data-widget_type=\"text-editor.default\">\n\t\t\t\t<div class=\"elementor-widget-container\">\n\t\t\t\t\t\t\t\t\t<p><strong>En train <br \/><\/strong>Gare de Chiasso (10 min \u00e0 pied)<br \/><br \/><strong>En bus<\/strong><br \/>Linea 1, Linea 2, 511<br \/>SPT Como\u00a0: CC1<br \/>AutoPostale\u00a0: 513, 515, 517\u00a0<\/p><p>Parking gratuit: <br \/>Centro Ovale (livello -1) \u00e0 4 minutes \u00e0 pieds du m.a.x. museo<\/p><p>\u00a0<\/p>\t\t\t\t\t\t\t\t<\/div>\n\t\t\t\t<\/div>\n\t\t\t\t\t<\/div>\n\t\t<\/div>\n\t\t\t\t<div class=\"elementor-column elementor-col-50 elementor-inner-column elementor-element elementor-element-f6cee9c\" data-id=\"f6cee9c\" data-element_type=\"column\" data-e-type=\"column\">\n\t\t\t<div class=\"elementor-widget-wrap elementor-element-populated\">\n\t\t\t\t\t\t<div class=\"elementor-element elementor-element-e15a4d0 elementor-widget elementor-widget-heading\" data-id=\"e15a4d0\" data-element_type=\"widget\" data-e-type=\"widget\" data-widget_type=\"heading.default\">\n\t\t\t\t<div class=\"elementor-widget-container\">\n\t\t\t\t\t<h4 class=\"elementor-heading-title elementor-size-default\">Adresse et contacts<\/h4>\t\t\t\t<\/div>\n\t\t\t\t<\/div>\n\t\t\t\t<div class=\"elementor-element elementor-element-8ef637b elementor-widget elementor-widget-text-editor\" data-id=\"8ef637b\" data-element_type=\"widget\" data-e-type=\"widget\" data-widget_type=\"text-editor.default\">\n\t\t\t\t<div class=\"elementor-widget-container\">\n\t\t\t\t\t\t\t\t\t<p>Via Dante Alighieri 6<br \/>6830 Chiasso<\/p><p>T +41 (0)58 122 42 52<br \/>info@maxmuseo.ch<br \/><a href=\"http:\/\/www.centroculturalechiasso.ch\/m-a-x-museo\/\">www.maxmuseo.ch<\/a><\/p>\t\t\t\t\t\t\t\t<\/div>\n\t\t\t\t<\/div>\n\t\t\t\t<div class=\"elementor-element elementor-element-c48d7f4 elementor-shape-circle e-grid-align-left elementor-grid-0 elementor-widget elementor-widget-social-icons\" data-id=\"c48d7f4\" data-element_type=\"widget\" data-e-type=\"widget\" data-widget_type=\"social-icons.default\">\n\t\t\t\t<div class=\"elementor-widget-container\">\n\t\t\t\t\t\t\t<div class=\"elementor-social-icons-wrapper elementor-grid\" role=\"list\">\n\t\t\t\t\t\t\t<span class=\"elementor-grid-item\" role=\"listitem\">\n\t\t\t\t\t<a class=\"elementor-icon elementor-social-icon elementor-social-icon-facebook elementor-repeater-item-060cd96\" href=\"https:\/\/it-it.facebook.com\/MaxMuseo\" target=\"_blank\">\n\t\t\t\t\t\t<span class=\"elementor-screen-only\">Facebook<\/span>\n\t\t\t\t\t\t<i aria-hidden=\"true\" class=\"fab fa-facebook\"><\/i>\t\t\t\t\t<\/a>\n\t\t\t\t<\/span>\n\t\t\t\t\t\t\t<span class=\"elementor-grid-item\" role=\"listitem\">\n\t\t\t\t\t<a class=\"elementor-icon elementor-social-icon elementor-social-icon-twitter elementor-repeater-item-1a113dc\" href=\"https:\/\/twitter.com\/maxmuseo\" target=\"_blank\">\n\t\t\t\t\t\t<span class=\"elementor-screen-only\">Twitter<\/span>\n\t\t\t\t\t\t<i aria-hidden=\"true\" class=\"fab fa-twitter\"><\/i>\t\t\t\t\t<\/a>\n\t\t\t\t<\/span>\n\t\t\t\t\t\t\t<span class=\"elementor-grid-item\" role=\"listitem\">\n\t\t\t\t\t<a class=\"elementor-icon elementor-social-icon elementor-social-icon-instagram elementor-repeater-item-0e6c513\" href=\"https:\/\/www.instagram.com\/maxmuseo\/\" target=\"_blank\">\n\t\t\t\t\t\t<span class=\"elementor-screen-only\">Instagram<\/span>\n\t\t\t\t\t\t<i aria-hidden=\"true\" class=\"fab fa-instagram\"><\/i>\t\t\t\t\t<\/a>\n\t\t\t\t<\/span>\n\t\t\t\t\t<\/div>\n\t\t\t\t\t\t<\/div>\n\t\t\t\t<\/div>\n\t\t\t\t\t<\/div>\n\t\t<\/div>\n\t\t\t\t\t<\/div>\n\t\t<\/section>\n\t\t\t\t\t<\/div>\n\t\t<\/div>\n\t\t\t\t\t<\/div>\n\t\t<\/section>\n\t\t\t\t<\/div>\n\t\t","protected":false},"excerpt":{"rendered":"<p>m.a.x. museo Le\u00a0m.a.x. museo, inaugur\u00e9 le 12 novembre 2005 \u00e0 l&rsquo;initiative de la Fondation Max Huber-Kono de Chiasso, est une institution publique de la municipalit\u00e9 de Chiasso depuis 2010 et fait partie de l&rsquo;ICOM (Conseil international des mus\u00e9es). La mission du mus\u00e9e m.a.x. est de diffuser la connaissance du\u00a0graphisme, du\u00a0design, de la\u00a0photographie\u00a0et de la\u00a0communication visuelle &#8230; <a title=\"m.a.x. Museo\" class=\"read-more\" href=\"https:\/\/museidartemendrisiotto.ch\/fr\/les-musees\/m-a-x-museo\/\">Read more <span class=\"screen-reader-text\">m.a.x. Museo<\/span><\/a><\/p>\n","protected":false},"author":2,"featured_media":0,"parent":684,"menu_order":0,"comment_status":"closed","ping_status":"closed","template":"","meta":{"_monsterinsights_skip_tracking":false,"_monsterinsights_sitenote_active":false,"_monsterinsights_sitenote_note":"","_monsterinsights_sitenote_category":0,"footnotes":"","_links_to":"","_links_to_target":""},"class_list":["post-1333","page","type-page","status-publish"],"yoast_head":"<!-- This site is optimized with the Yoast SEO plugin v27.2 - https:\/\/yoast.com\/product\/yoast-seo-wordpress\/ -->\n<title>m.a.x. Museo - Musei d\u2019Arte del Mendrisiotto<\/title>\n<meta name=\"robots\" content=\"index, follow, max-snippet:-1, max-image-preview:large, max-video-preview:-1\" \/>\n<link rel=\"canonical\" href=\"https:\/\/museidartemendrisiotto.ch\/fr\/les-musees\/m-a-x-museo\/\" \/>\n<meta property=\"og:locale\" content=\"fr_FR\" \/>\n<meta property=\"og:type\" content=\"article\" \/>\n<meta property=\"og:title\" content=\"m.a.x. Museo - Musei d\u2019Arte del Mendrisiotto\" \/>\n<meta property=\"og:description\" content=\"m.a.x. museo Le\u00a0m.a.x. museo, inaugur\u00e9 le 12 novembre 2005 \u00e0 l&rsquo;initiative de la Fondation Max Huber-Kono de Chiasso, est une institution publique de la municipalit\u00e9 de Chiasso depuis 2010 et fait partie de l&rsquo;ICOM (Conseil international des mus\u00e9es). La mission du mus\u00e9e m.a.x. est de diffuser la connaissance du\u00a0graphisme, du\u00a0design, de la\u00a0photographie\u00a0et de la\u00a0communication visuelle ... Read more m.a.x. Museo\" \/>\n<meta property=\"og:url\" content=\"https:\/\/museidartemendrisiotto.ch\/fr\/les-musees\/m-a-x-museo\/\" \/>\n<meta property=\"og:site_name\" content=\"Musei d\u2019Arte del Mendrisiotto\" \/>\n<meta property=\"article:modified_time\" content=\"2020-06-26T13:57:21+00:00\" \/>\n<meta property=\"og:image\" content=\"http:\/\/museidartemendrisiotto.ch\/wp-content\/uploads\/2020\/06\/max.jpg\" \/>\n<meta name=\"twitter:card\" content=\"summary_large_image\" \/>\n<meta name=\"twitter:label1\" content=\"Dur\u00e9e de lecture estim\u00e9e\" \/>\n\t<meta name=\"twitter:data1\" content=\"2 minutes\" \/>\n<script type=\"application\/ld+json\" class=\"yoast-schema-graph\">{\"@context\":\"https:\/\/schema.org\",\"@graph\":[{\"@type\":\"WebPage\",\"@id\":\"https:\/\/museidartemendrisiotto.ch\/fr\/les-musees\/m-a-x-museo\/\",\"url\":\"https:\/\/museidartemendrisiotto.ch\/fr\/les-musees\/m-a-x-museo\/\",\"name\":\"m.a.x. Museo - Musei d\u2019Arte del Mendrisiotto\",\"isPartOf\":{\"@id\":\"https:\/\/museidartemendrisiotto.ch\/#website\"},\"primaryImageOfPage\":{\"@id\":\"https:\/\/museidartemendrisiotto.ch\/fr\/les-musees\/m-a-x-museo\/#primaryimage\"},\"image\":{\"@id\":\"https:\/\/museidartemendrisiotto.ch\/fr\/les-musees\/m-a-x-museo\/#primaryimage\"},\"thumbnailUrl\":\"http:\/\/museidartemendrisiotto.ch\/wp-content\/uploads\/2020\/06\/max.jpg\",\"datePublished\":\"2020-06-23T11:43:05+00:00\",\"dateModified\":\"2020-06-26T13:57:21+00:00\",\"breadcrumb\":{\"@id\":\"https:\/\/museidartemendrisiotto.ch\/fr\/les-musees\/m-a-x-museo\/#breadcrumb\"},\"inLanguage\":\"fr-FR\",\"potentialAction\":[{\"@type\":\"ReadAction\",\"target\":[\"https:\/\/museidartemendrisiotto.ch\/fr\/les-musees\/m-a-x-museo\/\"]}]},{\"@type\":\"ImageObject\",\"inLanguage\":\"fr-FR\",\"@id\":\"https:\/\/museidartemendrisiotto.ch\/fr\/les-musees\/m-a-x-museo\/#primaryimage\",\"url\":\"http:\/\/museidartemendrisiotto.ch\/wp-content\/uploads\/2020\/06\/max.jpg\",\"contentUrl\":\"http:\/\/museidartemendrisiotto.ch\/wp-content\/uploads\/2020\/06\/max.jpg\"},{\"@type\":\"BreadcrumbList\",\"@id\":\"https:\/\/museidartemendrisiotto.ch\/fr\/les-musees\/m-a-x-museo\/#breadcrumb\",\"itemListElement\":[{\"@type\":\"ListItem\",\"position\":1,\"name\":\"Home\",\"item\":\"https:\/\/museidartemendrisiotto.ch\/fr\/\"},{\"@type\":\"ListItem\",\"position\":2,\"name\":\"Les mus\u00e9es\",\"item\":\"https:\/\/museidartemendrisiotto.ch\/fr\/les-musees\/\"},{\"@type\":\"ListItem\",\"position\":3,\"name\":\"m.a.x. Museo\"}]},{\"@type\":\"WebSite\",\"@id\":\"https:\/\/museidartemendrisiotto.ch\/#website\",\"url\":\"https:\/\/museidartemendrisiotto.ch\/\",\"name\":\"Musei d\u2019Arte del Mendrisiotto\",\"description\":\"La rete dei Musei d\u2019Arte del Mendrisiotto (MAM) si propone di rafforzare la visibilit\u00e0, promuovere la conoscenza dei musei del Mendrisiotto\",\"publisher\":{\"@id\":\"https:\/\/museidartemendrisiotto.ch\/#organization\"},\"potentialAction\":[{\"@type\":\"SearchAction\",\"target\":{\"@type\":\"EntryPoint\",\"urlTemplate\":\"https:\/\/museidartemendrisiotto.ch\/?s={search_term_string}\"},\"query-input\":{\"@type\":\"PropertyValueSpecification\",\"valueRequired\":true,\"valueName\":\"search_term_string\"}}],\"inLanguage\":\"fr-FR\"},{\"@type\":\"Organization\",\"@id\":\"https:\/\/museidartemendrisiotto.ch\/#organization\",\"name\":\"Musei d\u2019Arte del Mendrisiotto\",\"url\":\"https:\/\/museidartemendrisiotto.ch\/\",\"logo\":{\"@type\":\"ImageObject\",\"inLanguage\":\"fr-FR\",\"@id\":\"https:\/\/museidartemendrisiotto.ch\/#\/schema\/logo\/image\/\",\"url\":\"https:\/\/museidartemendrisiotto.ch\/wp-content\/uploads\/2020\/06\/logo_mam.png\",\"contentUrl\":\"https:\/\/museidartemendrisiotto.ch\/wp-content\/uploads\/2020\/06\/logo_mam.png\",\"width\":350,\"height\":250,\"caption\":\"Musei d\u2019Arte del Mendrisiotto\"},\"image\":{\"@id\":\"https:\/\/museidartemendrisiotto.ch\/#\/schema\/logo\/image\/\"}}]}<\/script>\n<!-- \/ Yoast SEO plugin. -->","yoast_head_json":{"title":"m.a.x. Museo - Musei d\u2019Arte del Mendrisiotto","robots":{"index":"index","follow":"follow","max-snippet":"max-snippet:-1","max-image-preview":"max-image-preview:large","max-video-preview":"max-video-preview:-1"},"canonical":"https:\/\/museidartemendrisiotto.ch\/fr\/les-musees\/m-a-x-museo\/","og_locale":"fr_FR","og_type":"article","og_title":"m.a.x. Museo - Musei d\u2019Arte del Mendrisiotto","og_description":"m.a.x. museo Le\u00a0m.a.x. museo, inaugur\u00e9 le 12 novembre 2005 \u00e0 l&rsquo;initiative de la Fondation Max Huber-Kono de Chiasso, est une institution publique de la municipalit\u00e9 de Chiasso depuis 2010 et fait partie de l&rsquo;ICOM (Conseil international des mus\u00e9es). La mission du mus\u00e9e m.a.x. est de diffuser la connaissance du\u00a0graphisme, du\u00a0design, de la\u00a0photographie\u00a0et de la\u00a0communication visuelle ... Read more m.a.x. Museo","og_url":"https:\/\/museidartemendrisiotto.ch\/fr\/les-musees\/m-a-x-museo\/","og_site_name":"Musei d\u2019Arte del Mendrisiotto","article_modified_time":"2020-06-26T13:57:21+00:00","og_image":[{"url":"http:\/\/museidartemendrisiotto.ch\/wp-content\/uploads\/2020\/06\/max.jpg","type":"","width":"","height":""}],"twitter_card":"summary_large_image","twitter_misc":{"Dur\u00e9e de lecture estim\u00e9e":"2 minutes"},"schema":{"@context":"https:\/\/schema.org","@graph":[{"@type":"WebPage","@id":"https:\/\/museidartemendrisiotto.ch\/fr\/les-musees\/m-a-x-museo\/","url":"https:\/\/museidartemendrisiotto.ch\/fr\/les-musees\/m-a-x-museo\/","name":"m.a.x. Museo - Musei d\u2019Arte del Mendrisiotto","isPartOf":{"@id":"https:\/\/museidartemendrisiotto.ch\/#website"},"primaryImageOfPage":{"@id":"https:\/\/museidartemendrisiotto.ch\/fr\/les-musees\/m-a-x-museo\/#primaryimage"},"image":{"@id":"https:\/\/museidartemendrisiotto.ch\/fr\/les-musees\/m-a-x-museo\/#primaryimage"},"thumbnailUrl":"http:\/\/museidartemendrisiotto.ch\/wp-content\/uploads\/2020\/06\/max.jpg","datePublished":"2020-06-23T11:43:05+00:00","dateModified":"2020-06-26T13:57:21+00:00","breadcrumb":{"@id":"https:\/\/museidartemendrisiotto.ch\/fr\/les-musees\/m-a-x-museo\/#breadcrumb"},"inLanguage":"fr-FR","potentialAction":[{"@type":"ReadAction","target":["https:\/\/museidartemendrisiotto.ch\/fr\/les-musees\/m-a-x-museo\/"]}]},{"@type":"ImageObject","inLanguage":"fr-FR","@id":"https:\/\/museidartemendrisiotto.ch\/fr\/les-musees\/m-a-x-museo\/#primaryimage","url":"http:\/\/museidartemendrisiotto.ch\/wp-content\/uploads\/2020\/06\/max.jpg","contentUrl":"http:\/\/museidartemendrisiotto.ch\/wp-content\/uploads\/2020\/06\/max.jpg"},{"@type":"BreadcrumbList","@id":"https:\/\/museidartemendrisiotto.ch\/fr\/les-musees\/m-a-x-museo\/#breadcrumb","itemListElement":[{"@type":"ListItem","position":1,"name":"Home","item":"https:\/\/museidartemendrisiotto.ch\/fr\/"},{"@type":"ListItem","position":2,"name":"Les mus\u00e9es","item":"https:\/\/museidartemendrisiotto.ch\/fr\/les-musees\/"},{"@type":"ListItem","position":3,"name":"m.a.x. Museo"}]},{"@type":"WebSite","@id":"https:\/\/museidartemendrisiotto.ch\/#website","url":"https:\/\/museidartemendrisiotto.ch\/","name":"Musei d\u2019Arte del Mendrisiotto","description":"La rete dei Musei d\u2019Arte del Mendrisiotto (MAM) si propone di rafforzare la visibilit\u00e0, promuovere la conoscenza dei musei del Mendrisiotto","publisher":{"@id":"https:\/\/museidartemendrisiotto.ch\/#organization"},"potentialAction":[{"@type":"SearchAction","target":{"@type":"EntryPoint","urlTemplate":"https:\/\/museidartemendrisiotto.ch\/?s={search_term_string}"},"query-input":{"@type":"PropertyValueSpecification","valueRequired":true,"valueName":"search_term_string"}}],"inLanguage":"fr-FR"},{"@type":"Organization","@id":"https:\/\/museidartemendrisiotto.ch\/#organization","name":"Musei d\u2019Arte del Mendrisiotto","url":"https:\/\/museidartemendrisiotto.ch\/","logo":{"@type":"ImageObject","inLanguage":"fr-FR","@id":"https:\/\/museidartemendrisiotto.ch\/#\/schema\/logo\/image\/","url":"https:\/\/museidartemendrisiotto.ch\/wp-content\/uploads\/2020\/06\/logo_mam.png","contentUrl":"https:\/\/museidartemendrisiotto.ch\/wp-content\/uploads\/2020\/06\/logo_mam.png","width":350,"height":250,"caption":"Musei d\u2019Arte del Mendrisiotto"},"image":{"@id":"https:\/\/museidartemendrisiotto.ch\/#\/schema\/logo\/image\/"}}]}},"_links":{"self":[{"href":"https:\/\/museidartemendrisiotto.ch\/fr\/wp-json\/wp\/v2\/pages\/1333","targetHints":{"allow":["GET"]}}],"collection":[{"href":"https:\/\/museidartemendrisiotto.ch\/fr\/wp-json\/wp\/v2\/pages"}],"about":[{"href":"https:\/\/museidartemendrisiotto.ch\/fr\/wp-json\/wp\/v2\/types\/page"}],"author":[{"embeddable":true,"href":"https:\/\/museidartemendrisiotto.ch\/fr\/wp-json\/wp\/v2\/users\/2"}],"replies":[{"embeddable":true,"href":"https:\/\/museidartemendrisiotto.ch\/fr\/wp-json\/wp\/v2\/comments?post=1333"}],"version-history":[{"count":10,"href":"https:\/\/museidartemendrisiotto.ch\/fr\/wp-json\/wp\/v2\/pages\/1333\/revisions"}],"predecessor-version":[{"id":2964,"href":"https:\/\/museidartemendrisiotto.ch\/fr\/wp-json\/wp\/v2\/pages\/1333\/revisions\/2964"}],"up":[{"embeddable":true,"href":"https:\/\/museidartemendrisiotto.ch\/fr\/wp-json\/wp\/v2\/pages\/684"}],"wp:attachment":[{"href":"https:\/\/museidartemendrisiotto.ch\/fr\/wp-json\/wp\/v2\/media?parent=1333"}],"curies":[{"name":"wp","href":"https:\/\/api.w.org\/{rel}","templated":true}]}}