{"id":1363,"date":"2020-06-23T17:07:41","date_gmt":"2020-06-23T15:07:41","guid":{"rendered":"http:\/\/museidartemendrisiotto.ch\/?page_id=1363"},"modified":"2021-04-28T14:53:15","modified_gmt":"2021-04-28T12:53:15","slug":"teatro-dellarchitettura","status":"publish","type":"page","link":"https:\/\/museidartemendrisiotto.ch\/fr\/les-musees\/teatro-dellarchitettura\/","title":{"rendered":"Teatro dell&rsquo;Architettura"},"content":{"rendered":"\t\t<div data-elementor-type=\"wp-page\" data-elementor-id=\"1363\" class=\"elementor elementor-1363 elementor-208\">\n\t\t\t\t\t\t<section class=\"elementor-section elementor-top-section elementor-element elementor-element-6ecb70e elementor-section-full_width elementor-section-height-default elementor-section-height-default\" data-id=\"6ecb70e\" data-element_type=\"section\" data-e-type=\"section\">\n\t\t\t\t\t\t<div class=\"elementor-container elementor-column-gap-default\">\n\t\t\t\t\t<div class=\"elementor-column elementor-col-100 elementor-top-column elementor-element elementor-element-339ccdc\" data-id=\"339ccdc\" data-element_type=\"column\" data-e-type=\"column\">\n\t\t\t<div class=\"elementor-widget-wrap elementor-element-populated\">\n\t\t\t\t\t\t<div class=\"elementor-element elementor-element-d3ce3b1 elementor-widget elementor-widget-image\" data-id=\"d3ce3b1\" data-element_type=\"widget\" data-e-type=\"widget\" data-widget_type=\"image.default\">\n\t\t\t\t<div class=\"elementor-widget-container\">\n\t\t\t\t\t\t\t\t\t\t\t\t\t\t\t<img fetchpriority=\"high\" decoding=\"async\" width=\"1400\" height=\"750\" src=\"https:\/\/museidartemendrisiotto.ch\/wp-content\/uploads\/2020\/06\/TAM.jpg\" class=\"attachment-full size-full wp-image-891\" alt=\"\" srcset=\"https:\/\/museidartemendrisiotto.ch\/wp-content\/uploads\/2020\/06\/TAM.jpg 1400w, https:\/\/museidartemendrisiotto.ch\/wp-content\/uploads\/2020\/06\/TAM-300x161.jpg 300w, https:\/\/museidartemendrisiotto.ch\/wp-content\/uploads\/2020\/06\/TAM-1024x549.jpg 1024w, https:\/\/museidartemendrisiotto.ch\/wp-content\/uploads\/2020\/06\/TAM-768x411.jpg 768w, https:\/\/museidartemendrisiotto.ch\/wp-content\/uploads\/2020\/06\/TAM-350x188.jpg 350w\" sizes=\"(max-width: 1400px) 100vw, 1400px\" \/>\t\t\t\t\t\t\t\t\t\t\t\t\t\t\t<\/div>\n\t\t\t\t<\/div>\n\t\t\t\t<div class=\"elementor-element elementor-element-63b613a elementor-widget elementor-widget-heading\" data-id=\"63b613a\" data-element_type=\"widget\" data-e-type=\"widget\" data-widget_type=\"heading.default\">\n\t\t\t\t<div class=\"elementor-widget-container\">\n\t\t\t\t\t<h1 class=\"elementor-heading-title elementor-size-default\">Teatro dell\u2019architettura<br>Mendrisio \u2013 USI<\/h1>\t\t\t\t<\/div>\n\t\t\t\t<\/div>\n\t\t\t\t<div class=\"elementor-element elementor-element-17289a9 elementor-widget elementor-widget-text-editor\" data-id=\"17289a9\" data-element_type=\"widget\" data-e-type=\"widget\" data-widget_type=\"text-editor.default\">\n\t\t\t\t<div class=\"elementor-widget-container\">\n\t\t\t\t\t\t\t\t\t<p>Projet\u00e9 par l\u2019architecte Mario Botta, le Teatro dell\u2019architettura Mendrisio, \u00e0 l\u2019int\u00e9rieur du Campus de l\u2019universit\u00e9 de la Suisse italienne-Acad\u00e9mie d\u2019architecture, a \u00e9t\u00e9 promu et r\u00e9alis\u00e9 gr\u00e2ce au travail conjoint de l\u2019universit\u00e9 de la Suisse italienne et de la Fondazione Teatro dell\u2019architettura, afin d\u2019offrir un instrument en faveur du d\u00e9bat culturel sur l\u2019architecture.<br \/><br \/>\u00c0 c\u00f4t\u00e9 de l\u2019activit\u00e9 didactique et de recherche qui est effectu\u00e9e dans le cadre de l\u2019universit\u00e9, cette initiative entend renforcer l\u2019offre formative, en particulier en ce qui concerne les occasions d\u2019expositions et de s\u00e9minaires ; en m\u00eame temps, elle veut donner une visibilit\u00e9 aux nouveaux int\u00e9r\u00eats transdisciplinaires qui interviennent de plus en plus dans le processus de projet et qui red\u00e9finissent le r\u00f4le social de l\u2019architecture.<\/p><p>Le Teatro dell\u2019architettura agit aussi comme plateforme d\u2019\u00e9change avec d\u2019autres institutions ayant pour domaine d\u2019int\u00e9r\u00eat les instances de la culture contemporaine.<\/p>\t\t\t\t\t\t\t\t<\/div>\n\t\t\t\t<\/div>\n\t\t\t\t<section class=\"elementor-section elementor-inner-section elementor-element elementor-element-f37349d elementor-section-full_width elementor-section-height-default elementor-section-height-default\" data-id=\"f37349d\" data-element_type=\"section\" data-e-type=\"section\">\n\t\t\t\t\t\t<div class=\"elementor-container elementor-column-gap-default\">\n\t\t\t\t\t<div class=\"elementor-column elementor-col-50 elementor-inner-column elementor-element elementor-element-e2ddde7\" data-id=\"e2ddde7\" data-element_type=\"column\" data-e-type=\"column\">\n\t\t\t<div class=\"elementor-widget-wrap elementor-element-populated\">\n\t\t\t\t\t\t<div class=\"elementor-element elementor-element-69bf779 elementor-widget elementor-widget-heading\" data-id=\"69bf779\" data-element_type=\"widget\" data-e-type=\"widget\" data-widget_type=\"heading.default\">\n\t\t\t\t<div class=\"elementor-widget-container\">\n\t\t\t\t\t<h4 class=\"elementor-heading-title elementor-size-default\">Horaires<\/h4>\t\t\t\t<\/div>\n\t\t\t\t<\/div>\n\t\t\t\t<div class=\"elementor-element elementor-element-f20b958 elementor-widget elementor-widget-text-editor\" data-id=\"f20b958\" data-element_type=\"widget\" data-e-type=\"widget\" data-widget_type=\"text-editor.default\">\n\t\t\t\t<div class=\"elementor-widget-container\">\n\t\t\t\t\t\t\t\t\t<p><a style=\"background-color: #ffffff;\" href=\"https:\/\/www.tam.usi.ch\/en\">&gt;&gt;&gt;<u>Informations sur les ouvertures\u00a0<\/u><\/a><\/p>\t\t\t\t\t\t\t\t<\/div>\n\t\t\t\t<\/div>\n\t\t\t\t<div class=\"elementor-element elementor-element-f8e18d8 elementor-widget elementor-widget-heading\" data-id=\"f8e18d8\" data-element_type=\"widget\" data-e-type=\"widget\" data-widget_type=\"heading.default\">\n\t\t\t\t<div class=\"elementor-widget-container\">\n\t\t\t\t\t<h4 class=\"elementor-heading-title elementor-size-default\">Tarifs<\/h4>\t\t\t\t<\/div>\n\t\t\t\t<\/div>\n\t\t\t\t<div class=\"elementor-element elementor-element-d6fc780 elementor-widget elementor-widget-text-editor\" data-id=\"d6fc780\" data-element_type=\"widget\" data-e-type=\"widget\" data-widget_type=\"text-editor.default\">\n\t\t\t\t<div class=\"elementor-widget-container\">\n\t\t\t\t\t\t\t\t\t<p>Gratuit<br><\/p>\n<p>Informations et r\u00e9servations&nbsp;<br>+41 58 666 5867<br><a href=\"mailto:info.tam@usi.ch\">info.tam@usi.ch<\/a><\/p>\t\t\t\t\t\t\t\t<\/div>\n\t\t\t\t<\/div>\n\t\t\t\t<div class=\"elementor-element elementor-element-960dbe0 elementor-widget elementor-widget-heading\" data-id=\"960dbe0\" data-element_type=\"widget\" data-e-type=\"widget\" data-widget_type=\"heading.default\">\n\t\t\t\t<div class=\"elementor-widget-container\">\n\t\t\t\t\t<h4 class=\"elementor-heading-title elementor-size-default\"><p style=\"margin: 0cm 0cm 0.0001pt;font-size: 12pt;, serif;font-weight: 400;letter-spacing: normal;white-space: normal\"><b><span lang=\"FR-CH\" style=\", sans-serif\">Acc\u00e8s<\/span><\/b><span style=\"font-family: Roboto, sans-serif;font-size: 17px;font-style: inherit;font-weight: 600;white-space: pre-wrap\"><\/span><\/p><\/h4>\t\t\t\t<\/div>\n\t\t\t\t<\/div>\n\t\t\t\t<div class=\"elementor-element elementor-element-f32543b elementor-widget elementor-widget-text-editor\" data-id=\"f32543b\" data-element_type=\"widget\" data-e-type=\"widget\" data-widget_type=\"text-editor.default\">\n\t\t\t\t<div class=\"elementor-widget-container\">\n\t\t\t\t\t\t\t\t\t<p><strong>In treno<br \/><\/strong><span lang=\"FR-CH\" style=\"letter-spacing: normal; font-size: 11pt; line-height: 16.8667px; font-family: 'Calibri Light', sans-serif; color: #262323;\">Gare de Mendrisio (7 min \u00e0 pied)<\/span><\/p><p><strong>En bus<br \/><\/strong>Ligne 2<br \/>Arr\u00eat: ospedale (OBV)<\/p><p>Parking: Autosilo di Palazzo Canav\u00e9e-USI, viale Canav\u00e9e; Autosilo OBV,via Alfonso Turconi 23<\/p>\t\t\t\t\t\t\t\t<\/div>\n\t\t\t\t<\/div>\n\t\t\t\t\t<\/div>\n\t\t<\/div>\n\t\t\t\t<div class=\"elementor-column elementor-col-50 elementor-inner-column elementor-element elementor-element-9b95b34\" data-id=\"9b95b34\" data-element_type=\"column\" data-e-type=\"column\">\n\t\t\t<div class=\"elementor-widget-wrap elementor-element-populated\">\n\t\t\t\t\t\t<div class=\"elementor-element elementor-element-0eeb464 elementor-widget elementor-widget-heading\" data-id=\"0eeb464\" data-element_type=\"widget\" data-e-type=\"widget\" data-widget_type=\"heading.default\">\n\t\t\t\t<div class=\"elementor-widget-container\">\n\t\t\t\t\t<h4 class=\"elementor-heading-title elementor-size-default\"><b style=\"font-family: Calibri, sans-serif;font-size: 11pt;white-space: normal;font-style: inherit\"><span lang=\"FR-CH\" style=\"font-size: 12pt;, sans-serif\">Adresse et contacts<\/span><\/b><\/h4>\t\t\t\t<\/div>\n\t\t\t\t<\/div>\n\t\t\t\t<div class=\"elementor-element elementor-element-4a33bf2 elementor-widget elementor-widget-text-editor\" data-id=\"4a33bf2\" data-element_type=\"widget\" data-e-type=\"widget\" data-widget_type=\"text-editor.default\">\n\t\t\t\t<div class=\"elementor-widget-container\">\n\t\t\t\t\t\t\t\t\t<p>Via Turconi 25<br \/>6850 Mendrisio, Svizzera<\/p><p>T +41 58 666 5867<br \/><a href=\"mailto:info.tam@usi.ch\">info.tam@usi.ch<\/a><br \/><a href=\"https:\/\/www.tam.usi.ch\/en\">Teatro dell&rsquo;architettura<\/a><\/p>\t\t\t\t\t\t\t\t<\/div>\n\t\t\t\t<\/div>\n\t\t\t\t<div class=\"elementor-element elementor-element-ee6d4f8 elementor-shape-circle e-grid-align-left elementor-grid-0 elementor-widget elementor-widget-social-icons\" data-id=\"ee6d4f8\" data-element_type=\"widget\" data-e-type=\"widget\" data-widget_type=\"social-icons.default\">\n\t\t\t\t<div class=\"elementor-widget-container\">\n\t\t\t\t\t\t\t<div class=\"elementor-social-icons-wrapper elementor-grid\" role=\"list\">\n\t\t\t\t\t\t\t<span class=\"elementor-grid-item\" role=\"listitem\">\n\t\t\t\t\t<a class=\"elementor-icon elementor-social-icon elementor-social-icon-facebook elementor-repeater-item-5ef0c1a\" href=\"https:\/\/www.facebook.com\/teatrodellarchitettura\" target=\"_blank\">\n\t\t\t\t\t\t<span class=\"elementor-screen-only\">Facebook<\/span>\n\t\t\t\t\t\t<i aria-hidden=\"true\" class=\"fab fa-facebook\"><\/i>\t\t\t\t\t<\/a>\n\t\t\t\t<\/span>\n\t\t\t\t\t\t\t<span class=\"elementor-grid-item\" role=\"listitem\">\n\t\t\t\t\t<a class=\"elementor-icon elementor-social-icon elementor-social-icon-instagram elementor-repeater-item-22e903b\" href=\"https:\/\/www.instagram.com\/teatro_architettura_mendrisio\/\" target=\"_blank\">\n\t\t\t\t\t\t<span class=\"elementor-screen-only\">Instagram<\/span>\n\t\t\t\t\t\t<i aria-hidden=\"true\" class=\"fab fa-instagram\"><\/i>\t\t\t\t\t<\/a>\n\t\t\t\t<\/span>\n\t\t\t\t\t\t\t<span class=\"elementor-grid-item\" role=\"listitem\">\n\t\t\t\t\t<a class=\"elementor-icon elementor-social-icon elementor-social-icon-twitter elementor-repeater-item-d2b9d8c\" href=\"https:\/\/twitter.com\/USI_Accademia\" target=\"_blank\">\n\t\t\t\t\t\t<span class=\"elementor-screen-only\">Twitter<\/span>\n\t\t\t\t\t\t<i aria-hidden=\"true\" class=\"fab fa-twitter\"><\/i>\t\t\t\t\t<\/a>\n\t\t\t\t<\/span>\n\t\t\t\t\t\t\t<span class=\"elementor-grid-item\" role=\"listitem\">\n\t\t\t\t\t<a class=\"elementor-icon elementor-social-icon elementor-social-icon-vimeo elementor-repeater-item-d16048b\" target=\"_blank\">\n\t\t\t\t\t\t<span class=\"elementor-screen-only\">Vimeo<\/span>\n\t\t\t\t\t\t<i aria-hidden=\"true\" class=\"fab fa-vimeo\"><\/i>\t\t\t\t\t<\/a>\n\t\t\t\t<\/span>\n\t\t\t\t\t<\/div>\n\t\t\t\t\t\t<\/div>\n\t\t\t\t<\/div>\n\t\t\t\t\t<\/div>\n\t\t<\/div>\n\t\t\t\t\t<\/div>\n\t\t<\/section>\n\t\t\t\t\t<\/div>\n\t\t<\/div>\n\t\t\t\t\t<\/div>\n\t\t<\/section>\n\t\t\t\t<\/div>\n\t\t","protected":false},"excerpt":{"rendered":"<p>Teatro dell\u2019architetturaMendrisio \u2013 USI Projet\u00e9 par l\u2019architecte Mario Botta, le Teatro dell\u2019architettura Mendrisio, \u00e0 l\u2019int\u00e9rieur du Campus de l\u2019universit\u00e9 de la Suisse italienne-Acad\u00e9mie d\u2019architecture, a \u00e9t\u00e9 promu et r\u00e9alis\u00e9 gr\u00e2ce au travail conjoint de l\u2019universit\u00e9 de la Suisse italienne et de la Fondazione Teatro dell\u2019architettura, afin d\u2019offrir un instrument en faveur du d\u00e9bat culturel sur &#8230; <a title=\"Teatro dell&rsquo;Architettura\" class=\"read-more\" href=\"https:\/\/museidartemendrisiotto.ch\/fr\/les-musees\/teatro-dellarchitettura\/\">Read more <span class=\"screen-reader-text\">Teatro dell&rsquo;Architettura<\/span><\/a><\/p>\n","protected":false},"author":2,"featured_media":0,"parent":684,"menu_order":0,"comment_status":"closed","ping_status":"closed","template":"","meta":{"_monsterinsights_skip_tracking":false,"_monsterinsights_sitenote_active":false,"_monsterinsights_sitenote_note":"","_monsterinsights_sitenote_category":0,"footnotes":"","_links_to":"","_links_to_target":""},"class_list":["post-1363","page","type-page","status-publish"],"yoast_head":"<!-- This site is optimized with the Yoast SEO plugin v27.4 - https:\/\/yoast.com\/product\/yoast-seo-wordpress\/ -->\n<title>Teatro dell&#039;Architettura - Musei d\u2019Arte del Mendrisiotto<\/title>\n<meta name=\"robots\" content=\"index, follow, max-snippet:-1, max-image-preview:large, max-video-preview:-1\" \/>\n<link rel=\"canonical\" href=\"https:\/\/museidartemendrisiotto.ch\/fr\/les-musees\/teatro-dellarchitettura\/\" \/>\n<meta property=\"og:locale\" content=\"fr_FR\" \/>\n<meta property=\"og:type\" content=\"article\" \/>\n<meta property=\"og:title\" content=\"Teatro dell&#039;Architettura - Musei d\u2019Arte del Mendrisiotto\" \/>\n<meta property=\"og:description\" content=\"Teatro dell\u2019architetturaMendrisio \u2013 USI Projet\u00e9 par l\u2019architecte Mario Botta, le Teatro dell\u2019architettura Mendrisio, \u00e0 l\u2019int\u00e9rieur du Campus de l\u2019universit\u00e9 de la Suisse italienne-Acad\u00e9mie d\u2019architecture, a \u00e9t\u00e9 promu et r\u00e9alis\u00e9 gr\u00e2ce au travail conjoint de l\u2019universit\u00e9 de la Suisse italienne et de la Fondazione Teatro dell\u2019architettura, afin d\u2019offrir un instrument en faveur du d\u00e9bat culturel sur ... Read more Teatro dell&rsquo;Architettura\" \/>\n<meta property=\"og:url\" content=\"https:\/\/museidartemendrisiotto.ch\/fr\/les-musees\/teatro-dellarchitettura\/\" \/>\n<meta property=\"og:site_name\" content=\"Musei d\u2019Arte del Mendrisiotto\" \/>\n<meta property=\"article:modified_time\" content=\"2021-04-28T12:53:15+00:00\" \/>\n<meta property=\"og:image\" content=\"https:\/\/museidartemendrisiotto.ch\/wp-content\/uploads\/2020\/06\/TAM.jpg\" \/>\n<meta name=\"twitter:card\" content=\"summary_large_image\" \/>\n<meta name=\"twitter:label1\" content=\"Dur\u00e9e de lecture estim\u00e9e\" \/>\n\t<meta name=\"twitter:data1\" content=\"1 minute\" \/>\n<script type=\"application\/ld+json\" class=\"yoast-schema-graph\">{\"@context\":\"https:\\\/\\\/schema.org\",\"@graph\":[{\"@type\":\"WebPage\",\"@id\":\"https:\\\/\\\/museidartemendrisiotto.ch\\\/fr\\\/les-musees\\\/teatro-dellarchitettura\\\/\",\"url\":\"https:\\\/\\\/museidartemendrisiotto.ch\\\/fr\\\/les-musees\\\/teatro-dellarchitettura\\\/\",\"name\":\"Teatro dell'Architettura - Musei d\u2019Arte del Mendrisiotto\",\"isPartOf\":{\"@id\":\"https:\\\/\\\/museidartemendrisiotto.ch\\\/#website\"},\"primaryImageOfPage\":{\"@id\":\"https:\\\/\\\/museidartemendrisiotto.ch\\\/fr\\\/les-musees\\\/teatro-dellarchitettura\\\/#primaryimage\"},\"image\":{\"@id\":\"https:\\\/\\\/museidartemendrisiotto.ch\\\/fr\\\/les-musees\\\/teatro-dellarchitettura\\\/#primaryimage\"},\"thumbnailUrl\":\"https:\\\/\\\/museidartemendrisiotto.ch\\\/wp-content\\\/uploads\\\/2020\\\/06\\\/TAM.jpg\",\"datePublished\":\"2020-06-23T15:07:41+00:00\",\"dateModified\":\"2021-04-28T12:53:15+00:00\",\"breadcrumb\":{\"@id\":\"https:\\\/\\\/museidartemendrisiotto.ch\\\/fr\\\/les-musees\\\/teatro-dellarchitettura\\\/#breadcrumb\"},\"inLanguage\":\"fr-FR\",\"potentialAction\":[{\"@type\":\"ReadAction\",\"target\":[\"https:\\\/\\\/museidartemendrisiotto.ch\\\/fr\\\/les-musees\\\/teatro-dellarchitettura\\\/\"]}]},{\"@type\":\"ImageObject\",\"inLanguage\":\"fr-FR\",\"@id\":\"https:\\\/\\\/museidartemendrisiotto.ch\\\/fr\\\/les-musees\\\/teatro-dellarchitettura\\\/#primaryimage\",\"url\":\"https:\\\/\\\/museidartemendrisiotto.ch\\\/wp-content\\\/uploads\\\/2020\\\/06\\\/TAM.jpg\",\"contentUrl\":\"https:\\\/\\\/museidartemendrisiotto.ch\\\/wp-content\\\/uploads\\\/2020\\\/06\\\/TAM.jpg\"},{\"@type\":\"BreadcrumbList\",\"@id\":\"https:\\\/\\\/museidartemendrisiotto.ch\\\/fr\\\/les-musees\\\/teatro-dellarchitettura\\\/#breadcrumb\",\"itemListElement\":[{\"@type\":\"ListItem\",\"position\":1,\"name\":\"Home\",\"item\":\"https:\\\/\\\/museidartemendrisiotto.ch\\\/fr\\\/\"},{\"@type\":\"ListItem\",\"position\":2,\"name\":\"Les mus\u00e9es\",\"item\":\"https:\\\/\\\/museidartemendrisiotto.ch\\\/fr\\\/les-musees\\\/\"},{\"@type\":\"ListItem\",\"position\":3,\"name\":\"Teatro dell&rsquo;Architettura\"}]},{\"@type\":\"WebSite\",\"@id\":\"https:\\\/\\\/museidartemendrisiotto.ch\\\/#website\",\"url\":\"https:\\\/\\\/museidartemendrisiotto.ch\\\/\",\"name\":\"Musei d\u2019Arte del Mendrisiotto\",\"description\":\"La rete dei Musei d\u2019Arte del Mendrisiotto (MAM) si propone di rafforzare la visibilit\u00e0, promuovere la conoscenza dei musei del Mendrisiotto\",\"publisher\":{\"@id\":\"https:\\\/\\\/museidartemendrisiotto.ch\\\/#organization\"},\"potentialAction\":[{\"@type\":\"SearchAction\",\"target\":{\"@type\":\"EntryPoint\",\"urlTemplate\":\"https:\\\/\\\/museidartemendrisiotto.ch\\\/?s={search_term_string}\"},\"query-input\":{\"@type\":\"PropertyValueSpecification\",\"valueRequired\":true,\"valueName\":\"search_term_string\"}}],\"inLanguage\":\"fr-FR\"},{\"@type\":\"Organization\",\"@id\":\"https:\\\/\\\/museidartemendrisiotto.ch\\\/#organization\",\"name\":\"Musei d\u2019Arte del Mendrisiotto\",\"url\":\"https:\\\/\\\/museidartemendrisiotto.ch\\\/\",\"logo\":{\"@type\":\"ImageObject\",\"inLanguage\":\"fr-FR\",\"@id\":\"https:\\\/\\\/museidartemendrisiotto.ch\\\/#\\\/schema\\\/logo\\\/image\\\/\",\"url\":\"https:\\\/\\\/museidartemendrisiotto.ch\\\/wp-content\\\/uploads\\\/2020\\\/06\\\/logo_mam.png\",\"contentUrl\":\"https:\\\/\\\/museidartemendrisiotto.ch\\\/wp-content\\\/uploads\\\/2020\\\/06\\\/logo_mam.png\",\"width\":350,\"height\":250,\"caption\":\"Musei d\u2019Arte del Mendrisiotto\"},\"image\":{\"@id\":\"https:\\\/\\\/museidartemendrisiotto.ch\\\/#\\\/schema\\\/logo\\\/image\\\/\"}}]}<\/script>\n<!-- \/ Yoast SEO plugin. -->","yoast_head_json":{"title":"Teatro dell'Architettura - Musei d\u2019Arte del Mendrisiotto","robots":{"index":"index","follow":"follow","max-snippet":"max-snippet:-1","max-image-preview":"max-image-preview:large","max-video-preview":"max-video-preview:-1"},"canonical":"https:\/\/museidartemendrisiotto.ch\/fr\/les-musees\/teatro-dellarchitettura\/","og_locale":"fr_FR","og_type":"article","og_title":"Teatro dell'Architettura - Musei d\u2019Arte del Mendrisiotto","og_description":"Teatro dell\u2019architetturaMendrisio \u2013 USI Projet\u00e9 par l\u2019architecte Mario Botta, le Teatro dell\u2019architettura Mendrisio, \u00e0 l\u2019int\u00e9rieur du Campus de l\u2019universit\u00e9 de la Suisse italienne-Acad\u00e9mie d\u2019architecture, a \u00e9t\u00e9 promu et r\u00e9alis\u00e9 gr\u00e2ce au travail conjoint de l\u2019universit\u00e9 de la Suisse italienne et de la Fondazione Teatro dell\u2019architettura, afin d\u2019offrir un instrument en faveur du d\u00e9bat culturel sur ... Read more Teatro dell&rsquo;Architettura","og_url":"https:\/\/museidartemendrisiotto.ch\/fr\/les-musees\/teatro-dellarchitettura\/","og_site_name":"Musei d\u2019Arte del Mendrisiotto","article_modified_time":"2021-04-28T12:53:15+00:00","og_image":[{"url":"https:\/\/museidartemendrisiotto.ch\/wp-content\/uploads\/2020\/06\/TAM.jpg","type":"","width":"","height":""}],"twitter_card":"summary_large_image","twitter_misc":{"Dur\u00e9e de lecture estim\u00e9e":"1 minute"},"schema":{"@context":"https:\/\/schema.org","@graph":[{"@type":"WebPage","@id":"https:\/\/museidartemendrisiotto.ch\/fr\/les-musees\/teatro-dellarchitettura\/","url":"https:\/\/museidartemendrisiotto.ch\/fr\/les-musees\/teatro-dellarchitettura\/","name":"Teatro dell'Architettura - Musei d\u2019Arte del Mendrisiotto","isPartOf":{"@id":"https:\/\/museidartemendrisiotto.ch\/#website"},"primaryImageOfPage":{"@id":"https:\/\/museidartemendrisiotto.ch\/fr\/les-musees\/teatro-dellarchitettura\/#primaryimage"},"image":{"@id":"https:\/\/museidartemendrisiotto.ch\/fr\/les-musees\/teatro-dellarchitettura\/#primaryimage"},"thumbnailUrl":"https:\/\/museidartemendrisiotto.ch\/wp-content\/uploads\/2020\/06\/TAM.jpg","datePublished":"2020-06-23T15:07:41+00:00","dateModified":"2021-04-28T12:53:15+00:00","breadcrumb":{"@id":"https:\/\/museidartemendrisiotto.ch\/fr\/les-musees\/teatro-dellarchitettura\/#breadcrumb"},"inLanguage":"fr-FR","potentialAction":[{"@type":"ReadAction","target":["https:\/\/museidartemendrisiotto.ch\/fr\/les-musees\/teatro-dellarchitettura\/"]}]},{"@type":"ImageObject","inLanguage":"fr-FR","@id":"https:\/\/museidartemendrisiotto.ch\/fr\/les-musees\/teatro-dellarchitettura\/#primaryimage","url":"https:\/\/museidartemendrisiotto.ch\/wp-content\/uploads\/2020\/06\/TAM.jpg","contentUrl":"https:\/\/museidartemendrisiotto.ch\/wp-content\/uploads\/2020\/06\/TAM.jpg"},{"@type":"BreadcrumbList","@id":"https:\/\/museidartemendrisiotto.ch\/fr\/les-musees\/teatro-dellarchitettura\/#breadcrumb","itemListElement":[{"@type":"ListItem","position":1,"name":"Home","item":"https:\/\/museidartemendrisiotto.ch\/fr\/"},{"@type":"ListItem","position":2,"name":"Les mus\u00e9es","item":"https:\/\/museidartemendrisiotto.ch\/fr\/les-musees\/"},{"@type":"ListItem","position":3,"name":"Teatro dell&rsquo;Architettura"}]},{"@type":"WebSite","@id":"https:\/\/museidartemendrisiotto.ch\/#website","url":"https:\/\/museidartemendrisiotto.ch\/","name":"Musei d\u2019Arte del Mendrisiotto","description":"La rete dei Musei d\u2019Arte del Mendrisiotto (MAM) si propone di rafforzare la visibilit\u00e0, promuovere la conoscenza dei musei del Mendrisiotto","publisher":{"@id":"https:\/\/museidartemendrisiotto.ch\/#organization"},"potentialAction":[{"@type":"SearchAction","target":{"@type":"EntryPoint","urlTemplate":"https:\/\/museidartemendrisiotto.ch\/?s={search_term_string}"},"query-input":{"@type":"PropertyValueSpecification","valueRequired":true,"valueName":"search_term_string"}}],"inLanguage":"fr-FR"},{"@type":"Organization","@id":"https:\/\/museidartemendrisiotto.ch\/#organization","name":"Musei d\u2019Arte del Mendrisiotto","url":"https:\/\/museidartemendrisiotto.ch\/","logo":{"@type":"ImageObject","inLanguage":"fr-FR","@id":"https:\/\/museidartemendrisiotto.ch\/#\/schema\/logo\/image\/","url":"https:\/\/museidartemendrisiotto.ch\/wp-content\/uploads\/2020\/06\/logo_mam.png","contentUrl":"https:\/\/museidartemendrisiotto.ch\/wp-content\/uploads\/2020\/06\/logo_mam.png","width":350,"height":250,"caption":"Musei d\u2019Arte del Mendrisiotto"},"image":{"@id":"https:\/\/museidartemendrisiotto.ch\/#\/schema\/logo\/image\/"}}]}},"_links":{"self":[{"href":"https:\/\/museidartemendrisiotto.ch\/fr\/wp-json\/wp\/v2\/pages\/1363","targetHints":{"allow":["GET"]}}],"collection":[{"href":"https:\/\/museidartemendrisiotto.ch\/fr\/wp-json\/wp\/v2\/pages"}],"about":[{"href":"https:\/\/museidartemendrisiotto.ch\/fr\/wp-json\/wp\/v2\/types\/page"}],"author":[{"embeddable":true,"href":"https:\/\/museidartemendrisiotto.ch\/fr\/wp-json\/wp\/v2\/users\/2"}],"replies":[{"embeddable":true,"href":"https:\/\/museidartemendrisiotto.ch\/fr\/wp-json\/wp\/v2\/comments?post=1363"}],"version-history":[{"count":10,"href":"https:\/\/museidartemendrisiotto.ch\/fr\/wp-json\/wp\/v2\/pages\/1363\/revisions"}],"predecessor-version":[{"id":2327,"href":"https:\/\/museidartemendrisiotto.ch\/fr\/wp-json\/wp\/v2\/pages\/1363\/revisions\/2327"}],"up":[{"embeddable":true,"href":"https:\/\/museidartemendrisiotto.ch\/fr\/wp-json\/wp\/v2\/pages\/684"}],"wp:attachment":[{"href":"https:\/\/museidartemendrisiotto.ch\/fr\/wp-json\/wp\/v2\/media?parent=1363"}],"curies":[{"name":"wp","href":"https:\/\/api.w.org\/{rel}","templated":true}]}}