{"id":380,"date":"2020-02-28T10:02:09","date_gmt":"2020-02-28T09:02:09","guid":{"rendered":"http:\/\/museidartemendrisiotto.ch\/arte-mendrisio\/"},"modified":"2020-07-07T17:27:21","modified_gmt":"2020-07-07T15:27:21","slug":"museo-darte-mendrisio","status":"publish","type":"page","link":"https:\/\/museidartemendrisiotto.ch\/fr\/les-musees\/museo-darte-mendrisio\/","title":{"rendered":"Museo d&rsquo;arte Mendrisio"},"content":{"rendered":"<p><img fetchpriority=\"high\" decoding=\"async\" width=\"1400\" height=\"750\" src=\"https:\/\/museidartemendrisiotto.ch\/wp-content\/uploads\/2020\/04\/museo-arte-mendrisio-def.jpg\" alt=\"\" srcset=\"https:\/\/museidartemendrisiotto.ch\/wp-content\/uploads\/2020\/04\/museo-arte-mendrisio-def.jpg 1400w, https:\/\/museidartemendrisiotto.ch\/wp-content\/uploads\/2020\/04\/museo-arte-mendrisio-def-300x161.jpg 300w, https:\/\/museidartemendrisiotto.ch\/wp-content\/uploads\/2020\/04\/museo-arte-mendrisio-def-1024x549.jpg 1024w, https:\/\/museidartemendrisiotto.ch\/wp-content\/uploads\/2020\/04\/museo-arte-mendrisio-def-768x411.jpg 768w, https:\/\/museidartemendrisiotto.ch\/wp-content\/uploads\/2020\/04\/museo-arte-mendrisio-def-350x188.jpg 350w\" sizes=\"(max-width: 1400px) 100vw, 1400px\" \/>\t\t\t\t\t\t\t\t\t\t\t<\/p>\n<h1>Museo d&rsquo;arte Mendrisio<\/h1>\n<p><b>Le mus\u00e9e<\/b><br \/>Fond\u00e9 en 1982 et install\u00e9 dans l&rsquo;enceinte d&rsquo;un ancien couvent, le Mus\u00e9e d&rsquo;art Mendrisio propose des expositions consacr\u00e9es aux grands ma\u00eetres du XXe si\u00e8cle.<br \/>\u00c0 cette activit\u00e9, le Mus\u00e9e alterne des expositions sur des sujets et des personnages ayant trait <br \/>\u00e0 la r\u00e9gion, approfondissant ainsi certains aspects de l&rsquo;histoire locale et valorisant ses artistes contemporains. <br \/>Dans le cadre de ses expositions temporaires, le Mus\u00e9e organise des visites guid\u00e9es ainsi que <br \/>des activit\u00e9s p\u00e9dagogiques pour les \u00e9coles dans le but d&rsquo;offrir aux plus jeunes l&rsquo;occasion de se familiariser avec la vie d&rsquo;un mus\u00e9e et d&rsquo;apprendre \u00e0 conna\u00eetre l&rsquo;histoire de l&rsquo;art ainsi que <br \/>les techniques artistiques.<\/p>\n<p><b>La collection<\/b><br \/>Gr\u00e2ce \u00e0 d&rsquo;importantes donations, le Mus\u00e9e abrite aujourd&rsquo;hui une remarquable collection qui va du XVIe au XXe si\u00e8cle et qui illustre amplement l&rsquo;histoire de l&rsquo;art r\u00e9gional. Le Mus\u00e9e a en outre la garde de plus de 650 Transparents, oeuvres d&rsquo;ornement lumineuses des processions nocturnes de la Semaine Sainte, ex\u00e9cut\u00e9s de la fin du XVIIIe si\u00e8cle \u00e0 nos jours; il s&rsquo;agit ici d&rsquo;un patrimoine de grande valeur, d&rsquo;un pr\u00e9cieux t\u00e9moignage de l&rsquo;histoire et de la vie religieuse du Mendrisiotto.<\/p>\n<p><b>L\u2019ensemble architectural<\/b><br \/>L&rsquo;ancien couvent des P\u00e8res Servites, si\u00e8ge du Mus\u00e9e, situ\u00e9 dans un cadre enchanteur, figure parmi les monuments d&rsquo;int\u00e9r\u00eat national gr\u00e2ce \u00e0 sa valeur historique et architectonique. <br \/>L&rsquo;\u00e9glise de Saint Jean, un joyau du XVIIIe si\u00e8cle \u00e0 peine restaur\u00e9, et l&rsquo;oratoire de la Madone <br \/>des Gr\u00e2ces avec sa pr\u00e9cieuse lunette attribu\u00e9e \u00e0 Giovanni da Milano (moiti\u00e9 du XIVe si\u00e8cle), enrichissent l&rsquo;ensemble architectural qui s&rsquo;articule autour d&rsquo;un charmant clo\u00eetre \u00e0 arcades <br \/>des XVIe-XVIIe si\u00e8cles.<\/p>\n<h4>Horaires<\/h4>\n<p>Mardi \u2013 vendredi<br \/>10.00-12.00 \/ 14.00-17.00<br \/>samedi \u2013 dimanche et jours f\u00e9ri\u00e9s<br \/>10.00-18.00<br \/>Lundi ferm\u00e9<\/p>\n<p><a href=\"http:\/\/museo.mendrisio.ch\/it\/informazioni\/orari-e-prezzi.html\" target=\"_blank\" rel=\"noopener noreferrer\">&gt;&gt;&gt; Informations sur les ouvertures et fermetures sp\u00e9ciales<\/a>\u00a0<\/p>\n<h4>Tarifs<\/h4>\n<p>Adulte CHF <b>12.-<\/b><br \/>Tarif r\u00e9duit CHF <b>10.-<\/b><br \/>\u00c9coles, moins de 16 ans <b>Gratuit<\/b><\/p>\n<p>Informations et r\u00e9servations pour les visites guid\u00e9es et les activit\u00e9s: +41 (0)58 688 33 55<\/p>\n<h4>\n<p style=\"margin: 0cm 0cm 0.0001pt; font-size: 12pt; font-family: &quot;Times New Roman&quot;, serif; font-weight: 400; letter-spacing: normal; white-space: normal;\"><b>Adresse et contacts<\/b><\/p>\n<\/h4>\n<p>Piazzetta dei Serviti 1, 6850 Mendrisio<\/p>\n<p>T +41 (0)58 688 33 50<br \/>F +41 (0)58 688 33 59<br \/><a style=\"background-color: #ffffff;\" href=\"mailto:museo@mendrisio.ch\">museo@mendrisio.ch<\/a><br \/><a href=\"http:\/\/museo.mendrisio.ch\/\" target=\"_blank\" rel=\"noopener noreferrer\">museo.mendrisio.ch<\/a><\/p>\n<p>\t\t\t\t\t\t\t<a href=\"https:\/\/www.facebook.com\/mendrisiomuseodarte\/\" target=\"_blank\" rel=\"noopener noreferrer\"><br \/>\n\t\t\t\t\tFacebook<br \/>\n\t\t\t\t\t\t\t\t\t<\/a><\/p>\n<h4>Acc\u00e8s<\/h4>\n<p><strong>En train<\/strong><br \/>Gare de Mendrisio (10 min \u00e0 pied)<\/p>\n<p><strong>En bus<\/strong><br \/>AMSA\u00a0: Linea\u00a0<em>L501 \/ L502 \/ L503<br \/><\/em>Autobus postal\u00a0: Linea B531<br \/>Arr\u00eat : San Giovanni<\/p>\n<p>Parking: Piazza San Giovanni, Autosilo via Municipio, Autosilo via Franco Zorzi\/ via Praella<\/p>\n","protected":false},"excerpt":{"rendered":"<p>Museo d&rsquo;arte Mendrisio Le mus\u00e9eFond\u00e9 en 1982 et install\u00e9 dans l&rsquo;enceinte d&rsquo;un ancien couvent, le Mus\u00e9e d&rsquo;art Mendrisio propose des expositions consacr\u00e9es aux grands ma\u00eetres du XXe si\u00e8cle.\u00c0 cette activit\u00e9, le Mus\u00e9e alterne des expositions sur des sujets et des personnages ayant trait \u00e0 la r\u00e9gion, approfondissant ainsi certains aspects de l&rsquo;histoire locale et valorisant &#8230; <a title=\"Museo d&rsquo;arte Mendrisio\" class=\"read-more\" href=\"https:\/\/museidartemendrisiotto.ch\/fr\/les-musees\/museo-darte-mendrisio\/\">Read more <span class=\"screen-reader-text\">Museo d&rsquo;arte Mendrisio<\/span><\/a><\/p>\n","protected":false},"author":1,"featured_media":0,"parent":684,"menu_order":0,"comment_status":"closed","ping_status":"closed","template":"","meta":{"_monsterinsights_skip_tracking":false,"_monsterinsights_sitenote_active":false,"_monsterinsights_sitenote_note":"","_monsterinsights_sitenote_category":0,"footnotes":"","_links_to":"","_links_to_target":""},"class_list":["post-380","page","type-page","status-publish"],"yoast_head":"<!-- This site is optimized with the Yoast SEO plugin v27.2 - https:\/\/yoast.com\/product\/yoast-seo-wordpress\/ -->\n<title>Museo d&#039;arte Mendrisio - Musei d\u2019Arte del Mendrisiotto<\/title>\n<meta name=\"robots\" content=\"index, follow, max-snippet:-1, max-image-preview:large, max-video-preview:-1\" \/>\n<link rel=\"canonical\" href=\"https:\/\/museidartemendrisiotto.ch\/fr\/les-musees\/museo-darte-mendrisio\/\" \/>\n<meta property=\"og:locale\" content=\"fr_FR\" \/>\n<meta property=\"og:type\" content=\"article\" \/>\n<meta property=\"og:title\" content=\"Museo d&#039;arte Mendrisio - Musei d\u2019Arte del Mendrisiotto\" \/>\n<meta property=\"og:description\" content=\"Museo d&rsquo;arte Mendrisio Le mus\u00e9eFond\u00e9 en 1982 et install\u00e9 dans l&rsquo;enceinte d&rsquo;un ancien couvent, le Mus\u00e9e d&rsquo;art Mendrisio propose des expositions consacr\u00e9es aux grands ma\u00eetres du XXe si\u00e8cle.\u00c0 cette activit\u00e9, le Mus\u00e9e alterne des expositions sur des sujets et des personnages ayant trait \u00e0 la r\u00e9gion, approfondissant ainsi certains aspects de l&rsquo;histoire locale et valorisant ... Read more Museo d&rsquo;arte Mendrisio\" \/>\n<meta property=\"og:url\" content=\"https:\/\/museidartemendrisiotto.ch\/fr\/les-musees\/museo-darte-mendrisio\/\" \/>\n<meta property=\"og:site_name\" content=\"Musei d\u2019Arte del Mendrisiotto\" \/>\n<meta property=\"article:modified_time\" content=\"2020-07-07T15:27:21+00:00\" \/>\n<meta property=\"og:image\" content=\"https:\/\/museidartemendrisiotto.ch\/wp-content\/uploads\/2020\/04\/museo-arte-mendrisio-def.jpg\" \/>\n<meta name=\"twitter:card\" content=\"summary_large_image\" \/>\n<meta name=\"twitter:label1\" content=\"Dur\u00e9e de lecture estim\u00e9e\" \/>\n\t<meta name=\"twitter:data1\" content=\"2 minutes\" \/>\n<script type=\"application\/ld+json\" class=\"yoast-schema-graph\">{\"@context\":\"https:\/\/schema.org\",\"@graph\":[{\"@type\":\"WebPage\",\"@id\":\"https:\/\/museidartemendrisiotto.ch\/fr\/les-musees\/museo-darte-mendrisio\/\",\"url\":\"https:\/\/museidartemendrisiotto.ch\/fr\/les-musees\/museo-darte-mendrisio\/\",\"name\":\"Museo d'arte Mendrisio - Musei d\u2019Arte del Mendrisiotto\",\"isPartOf\":{\"@id\":\"https:\/\/museidartemendrisiotto.ch\/#website\"},\"primaryImageOfPage\":{\"@id\":\"https:\/\/museidartemendrisiotto.ch\/fr\/les-musees\/museo-darte-mendrisio\/#primaryimage\"},\"image\":{\"@id\":\"https:\/\/museidartemendrisiotto.ch\/fr\/les-musees\/museo-darte-mendrisio\/#primaryimage\"},\"thumbnailUrl\":\"https:\/\/museidartemendrisiotto.ch\/wp-content\/uploads\/2020\/04\/museo-arte-mendrisio-def.jpg\",\"datePublished\":\"2020-02-28T09:02:09+00:00\",\"dateModified\":\"2020-07-07T15:27:21+00:00\",\"breadcrumb\":{\"@id\":\"https:\/\/museidartemendrisiotto.ch\/fr\/les-musees\/museo-darte-mendrisio\/#breadcrumb\"},\"inLanguage\":\"fr-FR\",\"potentialAction\":[{\"@type\":\"ReadAction\",\"target\":[\"https:\/\/museidartemendrisiotto.ch\/fr\/les-musees\/museo-darte-mendrisio\/\"]}]},{\"@type\":\"ImageObject\",\"inLanguage\":\"fr-FR\",\"@id\":\"https:\/\/museidartemendrisiotto.ch\/fr\/les-musees\/museo-darte-mendrisio\/#primaryimage\",\"url\":\"https:\/\/museidartemendrisiotto.ch\/wp-content\/uploads\/2020\/04\/museo-arte-mendrisio-def.jpg\",\"contentUrl\":\"https:\/\/museidartemendrisiotto.ch\/wp-content\/uploads\/2020\/04\/museo-arte-mendrisio-def.jpg\"},{\"@type\":\"BreadcrumbList\",\"@id\":\"https:\/\/museidartemendrisiotto.ch\/fr\/les-musees\/museo-darte-mendrisio\/#breadcrumb\",\"itemListElement\":[{\"@type\":\"ListItem\",\"position\":1,\"name\":\"Home\",\"item\":\"https:\/\/museidartemendrisiotto.ch\/fr\/\"},{\"@type\":\"ListItem\",\"position\":2,\"name\":\"Les mus\u00e9es\",\"item\":\"https:\/\/museidartemendrisiotto.ch\/fr\/les-musees\/\"},{\"@type\":\"ListItem\",\"position\":3,\"name\":\"Museo d&rsquo;arte Mendrisio\"}]},{\"@type\":\"WebSite\",\"@id\":\"https:\/\/museidartemendrisiotto.ch\/#website\",\"url\":\"https:\/\/museidartemendrisiotto.ch\/\",\"name\":\"Musei d\u2019Arte del Mendrisiotto\",\"description\":\"La rete dei Musei d\u2019Arte del Mendrisiotto (MAM) si propone di rafforzare la visibilit\u00e0, promuovere la conoscenza dei musei del Mendrisiotto\",\"publisher\":{\"@id\":\"https:\/\/museidartemendrisiotto.ch\/#organization\"},\"potentialAction\":[{\"@type\":\"SearchAction\",\"target\":{\"@type\":\"EntryPoint\",\"urlTemplate\":\"https:\/\/museidartemendrisiotto.ch\/?s={search_term_string}\"},\"query-input\":{\"@type\":\"PropertyValueSpecification\",\"valueRequired\":true,\"valueName\":\"search_term_string\"}}],\"inLanguage\":\"fr-FR\"},{\"@type\":\"Organization\",\"@id\":\"https:\/\/museidartemendrisiotto.ch\/#organization\",\"name\":\"Musei d\u2019Arte del Mendrisiotto\",\"url\":\"https:\/\/museidartemendrisiotto.ch\/\",\"logo\":{\"@type\":\"ImageObject\",\"inLanguage\":\"fr-FR\",\"@id\":\"https:\/\/museidartemendrisiotto.ch\/#\/schema\/logo\/image\/\",\"url\":\"https:\/\/museidartemendrisiotto.ch\/wp-content\/uploads\/2020\/06\/logo_mam.png\",\"contentUrl\":\"https:\/\/museidartemendrisiotto.ch\/wp-content\/uploads\/2020\/06\/logo_mam.png\",\"width\":350,\"height\":250,\"caption\":\"Musei d\u2019Arte del Mendrisiotto\"},\"image\":{\"@id\":\"https:\/\/museidartemendrisiotto.ch\/#\/schema\/logo\/image\/\"}}]}<\/script>\n<!-- \/ Yoast SEO plugin. -->","yoast_head_json":{"title":"Museo d'arte Mendrisio - Musei d\u2019Arte del Mendrisiotto","robots":{"index":"index","follow":"follow","max-snippet":"max-snippet:-1","max-image-preview":"max-image-preview:large","max-video-preview":"max-video-preview:-1"},"canonical":"https:\/\/museidartemendrisiotto.ch\/fr\/les-musees\/museo-darte-mendrisio\/","og_locale":"fr_FR","og_type":"article","og_title":"Museo d'arte Mendrisio - Musei d\u2019Arte del Mendrisiotto","og_description":"Museo d&rsquo;arte Mendrisio Le mus\u00e9eFond\u00e9 en 1982 et install\u00e9 dans l&rsquo;enceinte d&rsquo;un ancien couvent, le Mus\u00e9e d&rsquo;art Mendrisio propose des expositions consacr\u00e9es aux grands ma\u00eetres du XXe si\u00e8cle.\u00c0 cette activit\u00e9, le Mus\u00e9e alterne des expositions sur des sujets et des personnages ayant trait \u00e0 la r\u00e9gion, approfondissant ainsi certains aspects de l&rsquo;histoire locale et valorisant ... Read more Museo d&rsquo;arte Mendrisio","og_url":"https:\/\/museidartemendrisiotto.ch\/fr\/les-musees\/museo-darte-mendrisio\/","og_site_name":"Musei d\u2019Arte del Mendrisiotto","article_modified_time":"2020-07-07T15:27:21+00:00","og_image":[{"url":"https:\/\/museidartemendrisiotto.ch\/wp-content\/uploads\/2020\/04\/museo-arte-mendrisio-def.jpg","type":"","width":"","height":""}],"twitter_card":"summary_large_image","twitter_misc":{"Dur\u00e9e de lecture estim\u00e9e":"2 minutes"},"schema":{"@context":"https:\/\/schema.org","@graph":[{"@type":"WebPage","@id":"https:\/\/museidartemendrisiotto.ch\/fr\/les-musees\/museo-darte-mendrisio\/","url":"https:\/\/museidartemendrisiotto.ch\/fr\/les-musees\/museo-darte-mendrisio\/","name":"Museo d'arte Mendrisio - Musei d\u2019Arte del Mendrisiotto","isPartOf":{"@id":"https:\/\/museidartemendrisiotto.ch\/#website"},"primaryImageOfPage":{"@id":"https:\/\/museidartemendrisiotto.ch\/fr\/les-musees\/museo-darte-mendrisio\/#primaryimage"},"image":{"@id":"https:\/\/museidartemendrisiotto.ch\/fr\/les-musees\/museo-darte-mendrisio\/#primaryimage"},"thumbnailUrl":"https:\/\/museidartemendrisiotto.ch\/wp-content\/uploads\/2020\/04\/museo-arte-mendrisio-def.jpg","datePublished":"2020-02-28T09:02:09+00:00","dateModified":"2020-07-07T15:27:21+00:00","breadcrumb":{"@id":"https:\/\/museidartemendrisiotto.ch\/fr\/les-musees\/museo-darte-mendrisio\/#breadcrumb"},"inLanguage":"fr-FR","potentialAction":[{"@type":"ReadAction","target":["https:\/\/museidartemendrisiotto.ch\/fr\/les-musees\/museo-darte-mendrisio\/"]}]},{"@type":"ImageObject","inLanguage":"fr-FR","@id":"https:\/\/museidartemendrisiotto.ch\/fr\/les-musees\/museo-darte-mendrisio\/#primaryimage","url":"https:\/\/museidartemendrisiotto.ch\/wp-content\/uploads\/2020\/04\/museo-arte-mendrisio-def.jpg","contentUrl":"https:\/\/museidartemendrisiotto.ch\/wp-content\/uploads\/2020\/04\/museo-arte-mendrisio-def.jpg"},{"@type":"BreadcrumbList","@id":"https:\/\/museidartemendrisiotto.ch\/fr\/les-musees\/museo-darte-mendrisio\/#breadcrumb","itemListElement":[{"@type":"ListItem","position":1,"name":"Home","item":"https:\/\/museidartemendrisiotto.ch\/fr\/"},{"@type":"ListItem","position":2,"name":"Les mus\u00e9es","item":"https:\/\/museidartemendrisiotto.ch\/fr\/les-musees\/"},{"@type":"ListItem","position":3,"name":"Museo d&rsquo;arte Mendrisio"}]},{"@type":"WebSite","@id":"https:\/\/museidartemendrisiotto.ch\/#website","url":"https:\/\/museidartemendrisiotto.ch\/","name":"Musei d\u2019Arte del Mendrisiotto","description":"La rete dei Musei d\u2019Arte del Mendrisiotto (MAM) si propone di rafforzare la visibilit\u00e0, promuovere la conoscenza dei musei del Mendrisiotto","publisher":{"@id":"https:\/\/museidartemendrisiotto.ch\/#organization"},"potentialAction":[{"@type":"SearchAction","target":{"@type":"EntryPoint","urlTemplate":"https:\/\/museidartemendrisiotto.ch\/?s={search_term_string}"},"query-input":{"@type":"PropertyValueSpecification","valueRequired":true,"valueName":"search_term_string"}}],"inLanguage":"fr-FR"},{"@type":"Organization","@id":"https:\/\/museidartemendrisiotto.ch\/#organization","name":"Musei d\u2019Arte del Mendrisiotto","url":"https:\/\/museidartemendrisiotto.ch\/","logo":{"@type":"ImageObject","inLanguage":"fr-FR","@id":"https:\/\/museidartemendrisiotto.ch\/#\/schema\/logo\/image\/","url":"https:\/\/museidartemendrisiotto.ch\/wp-content\/uploads\/2020\/06\/logo_mam.png","contentUrl":"https:\/\/museidartemendrisiotto.ch\/wp-content\/uploads\/2020\/06\/logo_mam.png","width":350,"height":250,"caption":"Musei d\u2019Arte del Mendrisiotto"},"image":{"@id":"https:\/\/museidartemendrisiotto.ch\/#\/schema\/logo\/image\/"}}]}},"_links":{"self":[{"href":"https:\/\/museidartemendrisiotto.ch\/fr\/wp-json\/wp\/v2\/pages\/380","targetHints":{"allow":["GET"]}}],"collection":[{"href":"https:\/\/museidartemendrisiotto.ch\/fr\/wp-json\/wp\/v2\/pages"}],"about":[{"href":"https:\/\/museidartemendrisiotto.ch\/fr\/wp-json\/wp\/v2\/types\/page"}],"author":[{"embeddable":true,"href":"https:\/\/museidartemendrisiotto.ch\/fr\/wp-json\/wp\/v2\/users\/1"}],"replies":[{"embeddable":true,"href":"https:\/\/museidartemendrisiotto.ch\/fr\/wp-json\/wp\/v2\/comments?post=380"}],"version-history":[{"count":18,"href":"https:\/\/museidartemendrisiotto.ch\/fr\/wp-json\/wp\/v2\/pages\/380\/revisions"}],"predecessor-version":[{"id":1740,"href":"https:\/\/museidartemendrisiotto.ch\/fr\/wp-json\/wp\/v2\/pages\/380\/revisions\/1740"}],"up":[{"embeddable":true,"href":"https:\/\/museidartemendrisiotto.ch\/fr\/wp-json\/wp\/v2\/pages\/684"}],"wp:attachment":[{"href":"https:\/\/museidartemendrisiotto.ch\/fr\/wp-json\/wp\/v2\/media?parent=380"}],"curies":[{"name":"wp","href":"https:\/\/api.w.org\/{rel}","templated":true}]}}