{"id":438,"date":"2020-02-28T10:04:09","date_gmt":"2020-02-28T09:04:09","guid":{"rendered":"http:\/\/museidartemendrisiotto.ch\/zust\/"},"modified":"2025-01-02T14:48:24","modified_gmt":"2025-01-02T13:48:24","slug":"pinacoteca-cantonale-giovanni-zust","status":"publish","type":"page","link":"https:\/\/museidartemendrisiotto.ch\/fr\/les-musees\/pinacoteca-cantonale-giovanni-zust\/","title":{"rendered":"Pinacoteca cantonale Giovanni Z\u00fcst"},"content":{"rendered":"\t\t<div data-elementor-type=\"wp-page\" data-elementor-id=\"438\" class=\"elementor elementor-438 elementor-210\">\n\t\t\t\t\t\t<section class=\"elementor-section elementor-top-section elementor-element elementor-element-5e8fc150 elementor-section-boxed elementor-section-height-default elementor-section-height-default\" data-id=\"5e8fc150\" data-element_type=\"section\" data-e-type=\"section\">\n\t\t\t\t\t\t<div class=\"elementor-container elementor-column-gap-default\">\n\t\t\t\t\t<div class=\"elementor-column elementor-col-100 elementor-top-column elementor-element elementor-element-51564bfe\" data-id=\"51564bfe\" data-element_type=\"column\" data-e-type=\"column\">\n\t\t\t<div class=\"elementor-widget-wrap elementor-element-populated\">\n\t\t\t\t\t\t<div class=\"elementor-element elementor-element-6023f70f elementor-widget elementor-widget-text-editor\" data-id=\"6023f70f\" data-element_type=\"widget\" data-e-type=\"widget\" data-widget_type=\"text-editor.default\">\n\t\t\t\t<div class=\"elementor-widget-container\">\n\t\t\t\t\t\t\t\t\t<p><img fetchpriority=\"high\" decoding=\"async\" src=\"http:\/\/museidartemendrisiotto.ch\/wp-content\/uploads\/2020\/04\/pinacoteca-zust-def.jpg\" sizes=\"(max-width: 1400px) 100vw, 1400px\" srcset=\"http:\/\/museidartemendrisiotto.ch\/wp-content\/uploads\/2020\/04\/pinacoteca-zust-def.jpg 1400w, http:\/\/museidartemendrisiotto.ch\/wp-content\/uploads\/2020\/04\/pinacoteca-zust-def-300x161.jpg 300w, http:\/\/museidartemendrisiotto.ch\/wp-content\/uploads\/2020\/04\/pinacoteca-zust-def-1024x549.jpg 1024w, http:\/\/museidartemendrisiotto.ch\/wp-content\/uploads\/2020\/04\/pinacoteca-zust-def-768x411.jpg 768w, http:\/\/museidartemendrisiotto.ch\/wp-content\/uploads\/2020\/04\/pinacoteca-zust-def-350x188.jpg 350w\" alt=\"\" width=\"1400\" height=\"750\"><\/p>\n<h1>Pinacoteca cantonale Giovanni Zu\u0308st<\/h1>\n<p>Forte d\u2019une riche collection permanente, expos\u00e9e par rotations, la Pinacothe\u0300que cantonale Giovanni Zu\u0308st est aujourd\u2019hui pour le Canton du Tessin le principal lieu d\u2019\u00e9tude pour l\u2019art ancien, de la Renaissance au XIX<sup>\u00e8me <\/sup>si\u00e8cle. Elle voit le jour gra\u0302ce au don ge\u0301ne\u0301reux de Giovanni Zu\u0308st (Ba\u0302le, 1887 \u2013 Rancate, 1976) qui de\u0301cide de lier son nom au petit village du Mendrisiotto qui l\u2019a accueilli pendant de nombreuses anne\u0301es. Sa collection est alors compos\u00e9e de peintures du XVII<sup>\u00e8me<\/sup>&nbsp;au XX<sup>\u00e8me <\/sup>sie\u0300cle, donne\u0301e a\u0300 l\u2019E\u0301tat en 1966, mais aussi d\u2019argents anciens, le\u0301gue\u0301s a\u0300 l\u2019<em>Historisches Museum <\/em>de Saint-Gall (1969), et d\u2019objets d\u2019art e\u0301trusque et grec qui ont constitue\u0301 le premier noyau de l\u2019<em>Antikennmuseum<\/em> de Ba\u0302le (1959).<\/p>\n<p>La Pinacoth\u00e8que est install\u00e9e dans les espaces \u00e9vocateurs de la maison paroissiale, r\u00e9nov\u00e9e et agrandie par l\u2019architecte Tita Carloni. Le sommet de la collection est constitue\u0301 des chefs-d\u2019\u0153uvre caravagesques du peintre originaire d\u2019Ascona, Giovanni Serodine (1594\/1600-1630), \u00ab non seulement le peintre le plus dou\u00e9 du Canton du Tessin, mais l\u2019un des plus importants de tout le XVII<sup>\u00e8me <\/sup>sie\u0300cle italien \u00bb (Roberto Longhi) \u2013 et en particulier son <em>Saint Pierre en me\u0301ditation. <\/em>L\u2019ensemble des \u0153uvres de Giuseppe Antonio Petrini di Carona (1677-1758\/1759), peintre du XVIII<sup>\u00e8me<\/sup> sie\u0300cle tessinois et lombard, rev\u00eat aussi une grande importance.<\/p>\n<p>Le XIX<sup>\u00e8me <\/sup>si\u00e8cle est cependant le mieux repr\u00e9sent\u00e9 avec des peintures des principaux artistes de Lombardie et du Tessin, tous form\u00e9s \u00e0 l\u2019Acad\u00e9mie de Brera \u00e0 Milan : Antonio Rinaldi, Luigi Rossi, Adolfo Feragutti Visconti, Gioachimo Galbusera et beaucoup d\u2019autres.<\/p>\n<p>Les collections continuent a\u0300 se de\u0301velopper gra\u0302ce a\u0300 des achats, des donations et des de\u0301po\u0302ts : parmi ceux-ci, mentionnons celui de la collection Molo qui comprend des chefs-d\u2019\u0153uvre de l\u2019art italien (Fattori, Segantini, Previati, Mose\u0300 Bianchi, Cabianca &#8230;).<\/p>\n<p>Le mus\u00e9e organise trois expositions temporaires par an et confie toujours le commissariat \u00e0 des personnalit\u00e9s reconnues du monde de l\u2019art.<\/p>\n<h4>Horaires<\/h4>\n<p style=\"--bdt-inverse: initial;\"><b style=\"--bdt-inverse: initial;\">mars-juin et septembre 2024<\/b><br style=\"--bdt-inverse: initial;\">du mardi au vendredi:<br style=\"--bdt-inverse: initial;\">9-12 \/ 14-17<br style=\"--bdt-inverse: initial;\">samedi, dimanche et festivit\u00e9s:<br style=\"--bdt-inverse: initial;\">10-12 \/ 14-18<\/p>\n<p style=\"--bdt-inverse: initial;\"><b style=\"--bdt-inverse: initial;\">juillet et ao\u00fbt 2024<\/b><br style=\"--bdt-inverse: initial;\">du mardi au vendredi:<br style=\"--bdt-inverse: initial;\">14-17<\/p>\n<p style=\"--bdt-inverse: initial;\"><b style=\"--bdt-inverse: initial;\">20 octobre 2024 \u2013 23 f\u00e9vrier 2025&nbsp;<\/b><br style=\"--bdt-inverse: initial;\">du mardi au vendredi:<br style=\"--bdt-inverse: initial;\">9-12 \/ 14-17&nbsp;<br style=\"--bdt-inverse: initial;\">samedi, dimanche et festivit\u00e9s:<br style=\"--bdt-inverse: initial;\">10-12 \/ 14-18&nbsp;<\/p>\n<p style=\"--bdt-inverse: initial;\"><b style=\"--bdt-inverse: initial;\">Ouvertures sp\u00e9ciales&nbsp;<br style=\"--bdt-inverse: initial;\"><\/b>8 d\u00e9cembre 2024&nbsp;<br style=\"--bdt-inverse: initial;\">26 d\u00e9cembre&nbsp;2024<br style=\"--bdt-inverse: initial;\">1 janvier 2025<br style=\"--bdt-inverse: initial;\">6 janvier 2025<\/p>\n<p><a href=\"https:\/\/www4.ti.ch\/decs\/dcsu\/pinacoteca-zuest\/info-pinacoteca\/orari-e-dove-trovarci\/\" target=\"_blank\" rel=\"noopener noreferrer\">&gt;&gt;&gt; Informations sur les ouvertures et fermetures sp\u00e9ciales<\/a><\/p>\n<h4>Tarifs<\/h4>\n<p>Adultes CHF <strong>10.-<\/strong><br>Tarif r\u00e9duit CHF <strong>8.-<\/strong><br>\u00c9coles, moins de 16 ans <strong>Gratuit<\/strong><\/p>\n<p>Informations et inscriptions pour les visites guid\u00e9es<br>et les activit\u00e9s:<br>+41 (0)91 816 47 91<br><a href=\"mailto:decs-pinacoteca.zuest@ti.ch\" target=\"_blank\" rel=\"noopener noreferrer\">decs-pinacoteca.zuest@ti.ch<\/a><\/p>\n<h4>Adresse et contacts<\/h4>\n<p>Via Pinacoteca Z\u00fcst 2, 6862&nbsp;Rancate<\/p>\n<p>T <a href=\"tel:+41 91 816 47 91\">+41 91 816 47 91<\/a><br><a href=\"mailto:decs-pinacoteca.zuest@ti.ch\">decs-pinacoteca.zuest@ti.ch<\/a><\/p>\n<p><a target=\"_blank\" rel=\"noopener noreferrer\"><br>Facebook<br><\/a><\/p>\n<h4>Acc\u00e8s<\/h4>\n<p><strong>En train et bus<br><\/strong>Gare de MENDRISIO (10 minutes \u00e0 pied)<br>Ou autobus postal &nbsp;524, 525 (3 minutes)<br>Arr\u00eat : Rancate, Cimitero<\/p>\t\t\t\t\t\t\t\t<\/div>\n\t\t\t\t<\/div>\n\t\t\t\t\t<\/div>\n\t\t<\/div>\n\t\t\t\t\t<\/div>\n\t\t<\/section>\n\t\t\t\t<\/div>\n\t\t","protected":false},"excerpt":{"rendered":"<p>Pinacoteca cantonale Giovanni Zu\u0308st Forte d\u2019une riche collection permanente, expos\u00e9e par rotations, la Pinacothe\u0300que cantonale Giovanni Zu\u0308st est aujourd\u2019hui pour le Canton du Tessin le principal lieu d\u2019\u00e9tude pour l\u2019art ancien, de la Renaissance au XIX\u00e8me si\u00e8cle. Elle voit le jour gra\u0302ce au don ge\u0301ne\u0301reux de Giovanni Zu\u0308st (Ba\u0302le, 1887 \u2013 Rancate, 1976) qui de\u0301cide &#8230; <a title=\"Pinacoteca cantonale Giovanni Z\u00fcst\" class=\"read-more\" href=\"https:\/\/museidartemendrisiotto.ch\/fr\/les-musees\/pinacoteca-cantonale-giovanni-zust\/\">Read more <span class=\"screen-reader-text\">Pinacoteca cantonale Giovanni Z\u00fcst<\/span><\/a><\/p>\n","protected":false},"author":1,"featured_media":0,"parent":684,"menu_order":0,"comment_status":"closed","ping_status":"closed","template":"","meta":{"_monsterinsights_skip_tracking":false,"_monsterinsights_sitenote_active":false,"_monsterinsights_sitenote_note":"","_monsterinsights_sitenote_category":0,"footnotes":"","_links_to":"","_links_to_target":""},"class_list":["post-438","page","type-page","status-publish"],"yoast_head":"<!-- This site is optimized with the Yoast SEO plugin v27.2 - https:\/\/yoast.com\/product\/yoast-seo-wordpress\/ -->\n<title>Pinacoteca cantonale Giovanni Z\u00fcst - Musei d\u2019Arte del Mendrisiotto<\/title>\n<meta name=\"robots\" content=\"index, follow, max-snippet:-1, max-image-preview:large, max-video-preview:-1\" \/>\n<link rel=\"canonical\" href=\"https:\/\/museidartemendrisiotto.ch\/musei\/pinacoteca-cantonale-giovanni-zuest\/\" \/>\n<meta property=\"og:locale\" content=\"fr_FR\" \/>\n<meta property=\"og:type\" content=\"article\" \/>\n<meta property=\"og:title\" content=\"Pinacoteca cantonale Giovanni Z\u00fcst - Musei d\u2019Arte del Mendrisiotto\" \/>\n<meta property=\"og:description\" content=\"Pinacoteca cantonale Giovanni Zu\u0308st Forte d\u2019une riche collection permanente, expos\u00e9e par rotations, la Pinacothe\u0300que cantonale Giovanni Zu\u0308st est aujourd\u2019hui pour le Canton du Tessin le principal lieu d\u2019\u00e9tude pour l\u2019art ancien, de la Renaissance au XIX\u00e8me si\u00e8cle. Elle voit le jour gra\u0302ce au don ge\u0301ne\u0301reux de Giovanni Zu\u0308st (Ba\u0302le, 1887 \u2013 Rancate, 1976) qui de\u0301cide ... Read more Pinacoteca cantonale Giovanni Z\u00fcst\" \/>\n<meta property=\"og:url\" content=\"https:\/\/museidartemendrisiotto.ch\/musei\/pinacoteca-cantonale-giovanni-zuest\/\" \/>\n<meta property=\"og:site_name\" content=\"Musei d\u2019Arte del Mendrisiotto\" \/>\n<meta property=\"article:modified_time\" content=\"2025-01-02T13:48:24+00:00\" \/>\n<meta property=\"og:image\" content=\"http:\/\/museidartemendrisiotto.ch\/wp-content\/uploads\/2020\/04\/pinacoteca-zust-def.jpg\" \/>\n<meta name=\"twitter:card\" content=\"summary_large_image\" \/>\n<meta name=\"twitter:label1\" content=\"Dur\u00e9e de lecture estim\u00e9e\" \/>\n\t<meta name=\"twitter:data1\" content=\"3 minutes\" \/>\n<script type=\"application\/ld+json\" class=\"yoast-schema-graph\">{\"@context\":\"https:\/\/schema.org\",\"@graph\":[{\"@type\":\"WebPage\",\"@id\":\"https:\/\/museidartemendrisiotto.ch\/musei\/pinacoteca-cantonale-giovanni-zuest\/\",\"url\":\"https:\/\/museidartemendrisiotto.ch\/musei\/pinacoteca-cantonale-giovanni-zuest\/\",\"name\":\"Pinacoteca cantonale Giovanni Z\u00fcst - Musei d\u2019Arte del Mendrisiotto\",\"isPartOf\":{\"@id\":\"https:\/\/museidartemendrisiotto.ch\/#website\"},\"primaryImageOfPage\":{\"@id\":\"https:\/\/museidartemendrisiotto.ch\/musei\/pinacoteca-cantonale-giovanni-zuest\/#primaryimage\"},\"image\":{\"@id\":\"https:\/\/museidartemendrisiotto.ch\/musei\/pinacoteca-cantonale-giovanni-zuest\/#primaryimage\"},\"thumbnailUrl\":\"http:\/\/museidartemendrisiotto.ch\/wp-content\/uploads\/2020\/04\/pinacoteca-zust-def.jpg\",\"datePublished\":\"2020-02-28T09:04:09+00:00\",\"dateModified\":\"2025-01-02T13:48:24+00:00\",\"breadcrumb\":{\"@id\":\"https:\/\/museidartemendrisiotto.ch\/musei\/pinacoteca-cantonale-giovanni-zuest\/#breadcrumb\"},\"inLanguage\":\"fr-FR\",\"potentialAction\":[{\"@type\":\"ReadAction\",\"target\":[\"https:\/\/museidartemendrisiotto.ch\/musei\/pinacoteca-cantonale-giovanni-zuest\/\"]}]},{\"@type\":\"ImageObject\",\"inLanguage\":\"fr-FR\",\"@id\":\"https:\/\/museidartemendrisiotto.ch\/musei\/pinacoteca-cantonale-giovanni-zuest\/#primaryimage\",\"url\":\"http:\/\/museidartemendrisiotto.ch\/wp-content\/uploads\/2020\/04\/pinacoteca-zust-def.jpg\",\"contentUrl\":\"http:\/\/museidartemendrisiotto.ch\/wp-content\/uploads\/2020\/04\/pinacoteca-zust-def.jpg\"},{\"@type\":\"BreadcrumbList\",\"@id\":\"https:\/\/museidartemendrisiotto.ch\/musei\/pinacoteca-cantonale-giovanni-zuest\/#breadcrumb\",\"itemListElement\":[{\"@type\":\"ListItem\",\"position\":1,\"name\":\"Home\",\"item\":\"https:\/\/museidartemendrisiotto.ch\/fr\/\"},{\"@type\":\"ListItem\",\"position\":2,\"name\":\"Les mus\u00e9es\",\"item\":\"https:\/\/museidartemendrisiotto.ch\/fr\/les-musees\/\"},{\"@type\":\"ListItem\",\"position\":3,\"name\":\"Pinacoteca cantonale Giovanni Z\u00fcst\"}]},{\"@type\":\"WebSite\",\"@id\":\"https:\/\/museidartemendrisiotto.ch\/#website\",\"url\":\"https:\/\/museidartemendrisiotto.ch\/\",\"name\":\"Musei d\u2019Arte del Mendrisiotto\",\"description\":\"La rete dei Musei d\u2019Arte del Mendrisiotto (MAM) si propone di rafforzare la visibilit\u00e0, promuovere la conoscenza dei musei del Mendrisiotto\",\"publisher\":{\"@id\":\"https:\/\/museidartemendrisiotto.ch\/#organization\"},\"potentialAction\":[{\"@type\":\"SearchAction\",\"target\":{\"@type\":\"EntryPoint\",\"urlTemplate\":\"https:\/\/museidartemendrisiotto.ch\/?s={search_term_string}\"},\"query-input\":{\"@type\":\"PropertyValueSpecification\",\"valueRequired\":true,\"valueName\":\"search_term_string\"}}],\"inLanguage\":\"fr-FR\"},{\"@type\":\"Organization\",\"@id\":\"https:\/\/museidartemendrisiotto.ch\/#organization\",\"name\":\"Musei d\u2019Arte del Mendrisiotto\",\"url\":\"https:\/\/museidartemendrisiotto.ch\/\",\"logo\":{\"@type\":\"ImageObject\",\"inLanguage\":\"fr-FR\",\"@id\":\"https:\/\/museidartemendrisiotto.ch\/#\/schema\/logo\/image\/\",\"url\":\"https:\/\/museidartemendrisiotto.ch\/wp-content\/uploads\/2020\/06\/logo_mam.png\",\"contentUrl\":\"https:\/\/museidartemendrisiotto.ch\/wp-content\/uploads\/2020\/06\/logo_mam.png\",\"width\":350,\"height\":250,\"caption\":\"Musei d\u2019Arte del Mendrisiotto\"},\"image\":{\"@id\":\"https:\/\/museidartemendrisiotto.ch\/#\/schema\/logo\/image\/\"}}]}<\/script>\n<!-- \/ Yoast SEO plugin. -->","yoast_head_json":{"title":"Pinacoteca cantonale Giovanni Z\u00fcst - Musei d\u2019Arte del Mendrisiotto","robots":{"index":"index","follow":"follow","max-snippet":"max-snippet:-1","max-image-preview":"max-image-preview:large","max-video-preview":"max-video-preview:-1"},"canonical":"https:\/\/museidartemendrisiotto.ch\/musei\/pinacoteca-cantonale-giovanni-zuest\/","og_locale":"fr_FR","og_type":"article","og_title":"Pinacoteca cantonale Giovanni Z\u00fcst - Musei d\u2019Arte del Mendrisiotto","og_description":"Pinacoteca cantonale Giovanni Zu\u0308st Forte d\u2019une riche collection permanente, expos\u00e9e par rotations, la Pinacothe\u0300que cantonale Giovanni Zu\u0308st est aujourd\u2019hui pour le Canton du Tessin le principal lieu d\u2019\u00e9tude pour l\u2019art ancien, de la Renaissance au XIX\u00e8me si\u00e8cle. Elle voit le jour gra\u0302ce au don ge\u0301ne\u0301reux de Giovanni Zu\u0308st (Ba\u0302le, 1887 \u2013 Rancate, 1976) qui de\u0301cide ... Read more Pinacoteca cantonale Giovanni Z\u00fcst","og_url":"https:\/\/museidartemendrisiotto.ch\/musei\/pinacoteca-cantonale-giovanni-zuest\/","og_site_name":"Musei d\u2019Arte del Mendrisiotto","article_modified_time":"2025-01-02T13:48:24+00:00","og_image":[{"url":"http:\/\/museidartemendrisiotto.ch\/wp-content\/uploads\/2020\/04\/pinacoteca-zust-def.jpg","type":"","width":"","height":""}],"twitter_card":"summary_large_image","twitter_misc":{"Dur\u00e9e de lecture estim\u00e9e":"3 minutes"},"schema":{"@context":"https:\/\/schema.org","@graph":[{"@type":"WebPage","@id":"https:\/\/museidartemendrisiotto.ch\/musei\/pinacoteca-cantonale-giovanni-zuest\/","url":"https:\/\/museidartemendrisiotto.ch\/musei\/pinacoteca-cantonale-giovanni-zuest\/","name":"Pinacoteca cantonale Giovanni Z\u00fcst - Musei d\u2019Arte del Mendrisiotto","isPartOf":{"@id":"https:\/\/museidartemendrisiotto.ch\/#website"},"primaryImageOfPage":{"@id":"https:\/\/museidartemendrisiotto.ch\/musei\/pinacoteca-cantonale-giovanni-zuest\/#primaryimage"},"image":{"@id":"https:\/\/museidartemendrisiotto.ch\/musei\/pinacoteca-cantonale-giovanni-zuest\/#primaryimage"},"thumbnailUrl":"http:\/\/museidartemendrisiotto.ch\/wp-content\/uploads\/2020\/04\/pinacoteca-zust-def.jpg","datePublished":"2020-02-28T09:04:09+00:00","dateModified":"2025-01-02T13:48:24+00:00","breadcrumb":{"@id":"https:\/\/museidartemendrisiotto.ch\/musei\/pinacoteca-cantonale-giovanni-zuest\/#breadcrumb"},"inLanguage":"fr-FR","potentialAction":[{"@type":"ReadAction","target":["https:\/\/museidartemendrisiotto.ch\/musei\/pinacoteca-cantonale-giovanni-zuest\/"]}]},{"@type":"ImageObject","inLanguage":"fr-FR","@id":"https:\/\/museidartemendrisiotto.ch\/musei\/pinacoteca-cantonale-giovanni-zuest\/#primaryimage","url":"http:\/\/museidartemendrisiotto.ch\/wp-content\/uploads\/2020\/04\/pinacoteca-zust-def.jpg","contentUrl":"http:\/\/museidartemendrisiotto.ch\/wp-content\/uploads\/2020\/04\/pinacoteca-zust-def.jpg"},{"@type":"BreadcrumbList","@id":"https:\/\/museidartemendrisiotto.ch\/musei\/pinacoteca-cantonale-giovanni-zuest\/#breadcrumb","itemListElement":[{"@type":"ListItem","position":1,"name":"Home","item":"https:\/\/museidartemendrisiotto.ch\/fr\/"},{"@type":"ListItem","position":2,"name":"Les mus\u00e9es","item":"https:\/\/museidartemendrisiotto.ch\/fr\/les-musees\/"},{"@type":"ListItem","position":3,"name":"Pinacoteca cantonale Giovanni Z\u00fcst"}]},{"@type":"WebSite","@id":"https:\/\/museidartemendrisiotto.ch\/#website","url":"https:\/\/museidartemendrisiotto.ch\/","name":"Musei d\u2019Arte del Mendrisiotto","description":"La rete dei Musei d\u2019Arte del Mendrisiotto (MAM) si propone di rafforzare la visibilit\u00e0, promuovere la conoscenza dei musei del Mendrisiotto","publisher":{"@id":"https:\/\/museidartemendrisiotto.ch\/#organization"},"potentialAction":[{"@type":"SearchAction","target":{"@type":"EntryPoint","urlTemplate":"https:\/\/museidartemendrisiotto.ch\/?s={search_term_string}"},"query-input":{"@type":"PropertyValueSpecification","valueRequired":true,"valueName":"search_term_string"}}],"inLanguage":"fr-FR"},{"@type":"Organization","@id":"https:\/\/museidartemendrisiotto.ch\/#organization","name":"Musei d\u2019Arte del Mendrisiotto","url":"https:\/\/museidartemendrisiotto.ch\/","logo":{"@type":"ImageObject","inLanguage":"fr-FR","@id":"https:\/\/museidartemendrisiotto.ch\/#\/schema\/logo\/image\/","url":"https:\/\/museidartemendrisiotto.ch\/wp-content\/uploads\/2020\/06\/logo_mam.png","contentUrl":"https:\/\/museidartemendrisiotto.ch\/wp-content\/uploads\/2020\/06\/logo_mam.png","width":350,"height":250,"caption":"Musei d\u2019Arte del Mendrisiotto"},"image":{"@id":"https:\/\/museidartemendrisiotto.ch\/#\/schema\/logo\/image\/"}}]}},"_links":{"self":[{"href":"https:\/\/museidartemendrisiotto.ch\/fr\/wp-json\/wp\/v2\/pages\/438","targetHints":{"allow":["GET"]}}],"collection":[{"href":"https:\/\/museidartemendrisiotto.ch\/fr\/wp-json\/wp\/v2\/pages"}],"about":[{"href":"https:\/\/museidartemendrisiotto.ch\/fr\/wp-json\/wp\/v2\/types\/page"}],"author":[{"embeddable":true,"href":"https:\/\/museidartemendrisiotto.ch\/fr\/wp-json\/wp\/v2\/users\/1"}],"replies":[{"embeddable":true,"href":"https:\/\/museidartemendrisiotto.ch\/fr\/wp-json\/wp\/v2\/comments?post=438"}],"version-history":[{"count":19,"href":"https:\/\/museidartemendrisiotto.ch\/fr\/wp-json\/wp\/v2\/pages\/438\/revisions"}],"predecessor-version":[{"id":7152,"href":"https:\/\/museidartemendrisiotto.ch\/fr\/wp-json\/wp\/v2\/pages\/438\/revisions\/7152"}],"up":[{"embeddable":true,"href":"https:\/\/museidartemendrisiotto.ch\/fr\/wp-json\/wp\/v2\/pages\/684"}],"wp:attachment":[{"href":"https:\/\/museidartemendrisiotto.ch\/fr\/wp-json\/wp\/v2\/media?parent=438"}],"curies":[{"name":"wp","href":"https:\/\/api.w.org\/{rel}","templated":true}]}}