{"id":458,"date":"2020-02-26T09:35:34","date_gmt":"2020-02-26T08:35:34","guid":{"rendered":"http:\/\/museidartemendrisiotto.ch\/vela\/"},"modified":"2024-11-08T11:05:39","modified_gmt":"2024-11-08T10:05:39","slug":"museo-vincenzo-vela","status":"publish","type":"page","link":"https:\/\/museidartemendrisiotto.ch\/fr\/les-musees\/museo-vincenzo-vela\/","title":{"rendered":"Museo Vincenzo Vela"},"content":{"rendered":"\t\t<div data-elementor-type=\"wp-page\" data-elementor-id=\"458\" class=\"elementor elementor-458 elementor-42\">\n\t\t\t\t\t\t<section class=\"elementor-section elementor-top-section elementor-element elementor-element-37686499 elementor-section-boxed elementor-section-height-default elementor-section-height-default\" data-id=\"37686499\" data-element_type=\"section\" data-e-type=\"section\">\n\t\t\t\t\t\t<div class=\"elementor-container elementor-column-gap-default\">\n\t\t\t\t\t<div class=\"elementor-column elementor-col-100 elementor-top-column elementor-element elementor-element-3e37d7bf\" data-id=\"3e37d7bf\" data-element_type=\"column\" data-e-type=\"column\">\n\t\t\t<div class=\"elementor-widget-wrap elementor-element-populated\">\n\t\t\t\t\t\t<div class=\"elementor-element elementor-element-76d62dec elementor-widget elementor-widget-text-editor\" data-id=\"76d62dec\" data-element_type=\"widget\" data-e-type=\"widget\" data-widget_type=\"text-editor.default\">\n\t\t\t\t<div class=\"elementor-widget-container\">\n\t\t\t\t\t\t\t\t\t<p><img fetchpriority=\"high\" decoding=\"async\" width=\"1400\" height=\"750\" src=\"https:\/\/museidartemendrisiotto.ch\/wp-content\/uploads\/2020\/04\/museo-vela-def.jpg\" alt=\"\" srcset=\"https:\/\/museidartemendrisiotto.ch\/wp-content\/uploads\/2020\/04\/museo-vela-def.jpg 1400w, https:\/\/museidartemendrisiotto.ch\/wp-content\/uploads\/2020\/04\/museo-vela-def-300x161.jpg 300w, https:\/\/museidartemendrisiotto.ch\/wp-content\/uploads\/2020\/04\/museo-vela-def-1024x549.jpg 1024w, https:\/\/museidartemendrisiotto.ch\/wp-content\/uploads\/2020\/04\/museo-vela-def-768x411.jpg 768w, https:\/\/museidartemendrisiotto.ch\/wp-content\/uploads\/2020\/04\/museo-vela-def-350x188.jpg 350w\" sizes=\"(max-width: 1400px) 100vw, 1400px\">\t\t\t\t\t\t\t\t\t\t\t<\/p>\n<h1>Museo Vincenzo Vela<\/h1>\n<p>Le Mus\u00e9e Vincenzo Vela fait partie des maisons d&rsquo;artistes les plus importantes du&nbsp;XIXe si\u00e8cle en Europe. Con\u00e7ue par le grand sculpteur r\u00e9aliste tessinois Vincenzo Vela (1820-1891), alors au sommet de sa carri\u00e8re, elle fut transform\u00e9e en mus\u00e9e public apr\u00e8s sa donation \u00e0 la Conf\u00e9d\u00e9ration helv\u00e9tique, en m\u00eame temps que l&rsquo;imposante gypsoth\u00e8que. Le mus\u00e9e rassemble des oeuvres l\u00e9gu\u00e9es par le sculpteur Lorenzo Vela (1812-1897) et le peintre Spartaco Vela (1854-1895), une remarquable collection de peintures lombardes et pi\u00e9montaises du XIXe si\u00e8cle, des centaines de dessins autographes ainsi que l&rsquo;une des plus anciennes collections photographiques priv\u00e9es de Suisse.<\/p>\n<p>Alors que l&rsquo;art et l&rsquo;histoire du&nbsp;XIXe si\u00e8cle italien et suisse s&rsquo;y croisent \u00e0 travers les magnifiques portraits des protagonistes du&nbsp;<em>Risorgimento<\/em>, la pr\u00e9sence de divers \u00e9l\u00e9ments rappelant le caract\u00e8re priv\u00e9 de la r\u00e9sidence, entour\u00e9e d&rsquo;un parc panoramique, conf\u00e8re \u00e0 ce lieu le caract\u00e8re d&rsquo;\u0153uvre d&rsquo;art totale. Situ\u00e9 au pied du Monte San Giorgio (site class\u00e9 au patrimoine mondial de l&rsquo;Unesco), \u00e0 500 m de la fronti\u00e8re italienne, compl\u00e8tement r\u00e9am\u00e9nag\u00e9 par l&rsquo;architecte Mario Botta, le mus\u00e9e organise r\u00e9guli\u00e8rement des expositions temporaires<\/p>\n<h4>Horaires<\/h4>\n<p>mardi &#8211; samedi<br>janvier &#8211; mai 10.00-17.00<br>juin &#8211; septembre 10.00-18.00<br>octobre &#8211; d\u00e9cembre 10.00-17.00<br>dimanche et jours f\u00e9ri\u00e9s 10.00-18.00<br>Ferm\u00e9 le lundi<\/p>\n<p><a href=\"https:\/\/www.museo-vela.ch\/vela\/it\/home\/info\/info.html\" target=\"_blank\" rel=\"noopener noreferrer\">&gt;&gt;&gt;<\/a> <a href=\"https:\/\/www.museo-vela.ch\/vela\/it\/home\/info\/info.html\" target=\"_blank\" rel=\"noopener noreferrer\">Informations sur les ouvertures et fermetures sp\u00e9ciales&nbsp;<\/a><\/p>\n<h4>Tarifs<\/h4>\n<p>Adulte CHF<strong> 10.-<\/strong><br>Tarif r\u00e9duit et groupes CHF <strong>8.-<\/strong><br>\u00c9coles (Canton Tessin) <b>Gratuit<\/b><br>Autres \u00e9coles, Carte \u00e9tudiant IOSTUDIO CHF <b>3.-<\/b><\/p>\n<p>Informations et r\u00e9servations pour les visites guid\u00e9es et les activit\u00e9s: <br>+41 (0) 58 481 30 44<br><a href=\"mailto:museo.vela@bak.admin.ch\">booking.vela@bak.admin.ch<\/a><\/p>\n<h4>Adresse et contacts<\/h4>\n<p>Largo Vincenzo Vela, <br>6853 Ligornetto&nbsp;<\/p>\n<p>T&nbsp;+41 58 481 30 44&nbsp;<br>F +41 58 481 30 43<br><a href=\"mailto:museo.vela@bak.admin.ch\">museo.vela@bak.admin.ch<\/a><br><a href=\"https:\/\/www.museo-vela.ch\/vela\/it\/home.html\" target=\"_blank\" rel=\"noopener noreferrer\">Museo Vincenzo Vela<\/a><\/p>\n<p>\t\t\t\t\t\t\t<a href=\"https:\/\/it-it.facebook.com\/museovincenzovela\/\" target=\"_blank\" rel=\"noopener noreferrer\"><br>\n\t\t\t\t\tFacebook<br>\n\t\t\t\t\t\t\t\t\t<\/a><\/p>\n<h4>Acc\u00e8s<\/h4>\n<p><strong>En train et bus<\/strong><br>Gare de MENDRISIO <br>Puis autobus postal&nbsp;: 523, 525 (12 min)<br>Arr\u00eat: Ligornetto Posta<\/p>\t\t\t\t\t\t\t\t<\/div>\n\t\t\t\t<\/div>\n\t\t\t\t\t<\/div>\n\t\t<\/div>\n\t\t\t\t\t<\/div>\n\t\t<\/section>\n\t\t\t\t<\/div>\n\t\t","protected":false},"excerpt":{"rendered":"<p>Museo Vincenzo Vela Le Mus\u00e9e Vincenzo Vela fait partie des maisons d&rsquo;artistes les plus importantes du&nbsp;XIXe si\u00e8cle en Europe. Con\u00e7ue par le grand sculpteur r\u00e9aliste tessinois Vincenzo Vela (1820-1891), alors au sommet de sa carri\u00e8re, elle fut transform\u00e9e en mus\u00e9e public apr\u00e8s sa donation \u00e0 la Conf\u00e9d\u00e9ration helv\u00e9tique, en m\u00eame temps que l&rsquo;imposante gypsoth\u00e8que. Le &#8230; <a title=\"Museo Vincenzo Vela\" class=\"read-more\" href=\"https:\/\/museidartemendrisiotto.ch\/fr\/les-musees\/museo-vincenzo-vela\/\">Read more <span class=\"screen-reader-text\">Museo Vincenzo Vela<\/span><\/a><\/p>\n","protected":false},"author":1,"featured_media":0,"parent":684,"menu_order":0,"comment_status":"closed","ping_status":"closed","template":"","meta":{"_monsterinsights_skip_tracking":false,"_monsterinsights_sitenote_active":false,"_monsterinsights_sitenote_note":"","_monsterinsights_sitenote_category":0,"footnotes":"","_links_to":"","_links_to_target":""},"class_list":["post-458","page","type-page","status-publish"],"yoast_head":"<!-- This site is optimized with the Yoast SEO plugin v27.4 - https:\/\/yoast.com\/product\/yoast-seo-wordpress\/ -->\n<title>Museo Vincenzo Vela - Musei d\u2019Arte del Mendrisiotto<\/title>\n<meta name=\"robots\" content=\"index, follow, max-snippet:-1, max-image-preview:large, max-video-preview:-1\" \/>\n<link rel=\"canonical\" href=\"https:\/\/museidartemendrisiotto.ch\/fr\/les-musees\/museo-vincenzo-vela\/\" \/>\n<meta property=\"og:locale\" content=\"fr_FR\" \/>\n<meta property=\"og:type\" content=\"article\" \/>\n<meta property=\"og:title\" content=\"Museo Vincenzo Vela - Musei d\u2019Arte del Mendrisiotto\" \/>\n<meta property=\"og:description\" content=\"Museo Vincenzo Vela Le Mus\u00e9e Vincenzo Vela fait partie des maisons d&rsquo;artistes les plus importantes du&nbsp;XIXe si\u00e8cle en Europe. Con\u00e7ue par le grand sculpteur r\u00e9aliste tessinois Vincenzo Vela (1820-1891), alors au sommet de sa carri\u00e8re, elle fut transform\u00e9e en mus\u00e9e public apr\u00e8s sa donation \u00e0 la Conf\u00e9d\u00e9ration helv\u00e9tique, en m\u00eame temps que l&rsquo;imposante gypsoth\u00e8que. Le ... Read more Museo Vincenzo Vela\" \/>\n<meta property=\"og:url\" content=\"https:\/\/museidartemendrisiotto.ch\/fr\/les-musees\/museo-vincenzo-vela\/\" \/>\n<meta property=\"og:site_name\" content=\"Musei d\u2019Arte del Mendrisiotto\" \/>\n<meta property=\"article:modified_time\" content=\"2024-11-08T10:05:39+00:00\" \/>\n<meta property=\"og:image\" content=\"https:\/\/museidartemendrisiotto.ch\/wp-content\/uploads\/2020\/04\/museo-vela-def.jpg\" \/>\n<meta name=\"twitter:card\" content=\"summary_large_image\" \/>\n<meta name=\"twitter:label1\" content=\"Dur\u00e9e de lecture estim\u00e9e\" \/>\n\t<meta name=\"twitter:data1\" content=\"2 minutes\" \/>\n<script type=\"application\/ld+json\" class=\"yoast-schema-graph\">{\"@context\":\"https:\\\/\\\/schema.org\",\"@graph\":[{\"@type\":\"WebPage\",\"@id\":\"https:\\\/\\\/museidartemendrisiotto.ch\\\/fr\\\/les-musees\\\/museo-vincenzo-vela\\\/\",\"url\":\"https:\\\/\\\/museidartemendrisiotto.ch\\\/fr\\\/les-musees\\\/museo-vincenzo-vela\\\/\",\"name\":\"Museo Vincenzo Vela - Musei d\u2019Arte del Mendrisiotto\",\"isPartOf\":{\"@id\":\"https:\\\/\\\/museidartemendrisiotto.ch\\\/#website\"},\"primaryImageOfPage\":{\"@id\":\"https:\\\/\\\/museidartemendrisiotto.ch\\\/fr\\\/les-musees\\\/museo-vincenzo-vela\\\/#primaryimage\"},\"image\":{\"@id\":\"https:\\\/\\\/museidartemendrisiotto.ch\\\/fr\\\/les-musees\\\/museo-vincenzo-vela\\\/#primaryimage\"},\"thumbnailUrl\":\"https:\\\/\\\/museidartemendrisiotto.ch\\\/wp-content\\\/uploads\\\/2020\\\/04\\\/museo-vela-def.jpg\",\"datePublished\":\"2020-02-26T08:35:34+00:00\",\"dateModified\":\"2024-11-08T10:05:39+00:00\",\"breadcrumb\":{\"@id\":\"https:\\\/\\\/museidartemendrisiotto.ch\\\/fr\\\/les-musees\\\/museo-vincenzo-vela\\\/#breadcrumb\"},\"inLanguage\":\"fr-FR\",\"potentialAction\":[{\"@type\":\"ReadAction\",\"target\":[\"https:\\\/\\\/museidartemendrisiotto.ch\\\/fr\\\/les-musees\\\/museo-vincenzo-vela\\\/\"]}]},{\"@type\":\"ImageObject\",\"inLanguage\":\"fr-FR\",\"@id\":\"https:\\\/\\\/museidartemendrisiotto.ch\\\/fr\\\/les-musees\\\/museo-vincenzo-vela\\\/#primaryimage\",\"url\":\"https:\\\/\\\/museidartemendrisiotto.ch\\\/wp-content\\\/uploads\\\/2020\\\/04\\\/museo-vela-def.jpg\",\"contentUrl\":\"https:\\\/\\\/museidartemendrisiotto.ch\\\/wp-content\\\/uploads\\\/2020\\\/04\\\/museo-vela-def.jpg\"},{\"@type\":\"BreadcrumbList\",\"@id\":\"https:\\\/\\\/museidartemendrisiotto.ch\\\/fr\\\/les-musees\\\/museo-vincenzo-vela\\\/#breadcrumb\",\"itemListElement\":[{\"@type\":\"ListItem\",\"position\":1,\"name\":\"Home\",\"item\":\"https:\\\/\\\/museidartemendrisiotto.ch\\\/fr\\\/\"},{\"@type\":\"ListItem\",\"position\":2,\"name\":\"Les mus\u00e9es\",\"item\":\"https:\\\/\\\/museidartemendrisiotto.ch\\\/fr\\\/les-musees\\\/\"},{\"@type\":\"ListItem\",\"position\":3,\"name\":\"Museo Vincenzo Vela\"}]},{\"@type\":\"WebSite\",\"@id\":\"https:\\\/\\\/museidartemendrisiotto.ch\\\/#website\",\"url\":\"https:\\\/\\\/museidartemendrisiotto.ch\\\/\",\"name\":\"Musei d\u2019Arte del Mendrisiotto\",\"description\":\"La rete dei Musei d\u2019Arte del Mendrisiotto (MAM) si propone di rafforzare la visibilit\u00e0, promuovere la conoscenza dei musei del Mendrisiotto\",\"publisher\":{\"@id\":\"https:\\\/\\\/museidartemendrisiotto.ch\\\/#organization\"},\"potentialAction\":[{\"@type\":\"SearchAction\",\"target\":{\"@type\":\"EntryPoint\",\"urlTemplate\":\"https:\\\/\\\/museidartemendrisiotto.ch\\\/?s={search_term_string}\"},\"query-input\":{\"@type\":\"PropertyValueSpecification\",\"valueRequired\":true,\"valueName\":\"search_term_string\"}}],\"inLanguage\":\"fr-FR\"},{\"@type\":\"Organization\",\"@id\":\"https:\\\/\\\/museidartemendrisiotto.ch\\\/#organization\",\"name\":\"Musei d\u2019Arte del Mendrisiotto\",\"url\":\"https:\\\/\\\/museidartemendrisiotto.ch\\\/\",\"logo\":{\"@type\":\"ImageObject\",\"inLanguage\":\"fr-FR\",\"@id\":\"https:\\\/\\\/museidartemendrisiotto.ch\\\/#\\\/schema\\\/logo\\\/image\\\/\",\"url\":\"https:\\\/\\\/museidartemendrisiotto.ch\\\/wp-content\\\/uploads\\\/2020\\\/06\\\/logo_mam.png\",\"contentUrl\":\"https:\\\/\\\/museidartemendrisiotto.ch\\\/wp-content\\\/uploads\\\/2020\\\/06\\\/logo_mam.png\",\"width\":350,\"height\":250,\"caption\":\"Musei d\u2019Arte del Mendrisiotto\"},\"image\":{\"@id\":\"https:\\\/\\\/museidartemendrisiotto.ch\\\/#\\\/schema\\\/logo\\\/image\\\/\"}}]}<\/script>\n<!-- \/ Yoast SEO plugin. -->","yoast_head_json":{"title":"Museo Vincenzo Vela - Musei d\u2019Arte del Mendrisiotto","robots":{"index":"index","follow":"follow","max-snippet":"max-snippet:-1","max-image-preview":"max-image-preview:large","max-video-preview":"max-video-preview:-1"},"canonical":"https:\/\/museidartemendrisiotto.ch\/fr\/les-musees\/museo-vincenzo-vela\/","og_locale":"fr_FR","og_type":"article","og_title":"Museo Vincenzo Vela - Musei d\u2019Arte del Mendrisiotto","og_description":"Museo Vincenzo Vela Le Mus\u00e9e Vincenzo Vela fait partie des maisons d&rsquo;artistes les plus importantes du&nbsp;XIXe si\u00e8cle en Europe. Con\u00e7ue par le grand sculpteur r\u00e9aliste tessinois Vincenzo Vela (1820-1891), alors au sommet de sa carri\u00e8re, elle fut transform\u00e9e en mus\u00e9e public apr\u00e8s sa donation \u00e0 la Conf\u00e9d\u00e9ration helv\u00e9tique, en m\u00eame temps que l&rsquo;imposante gypsoth\u00e8que. Le ... Read more Museo Vincenzo Vela","og_url":"https:\/\/museidartemendrisiotto.ch\/fr\/les-musees\/museo-vincenzo-vela\/","og_site_name":"Musei d\u2019Arte del Mendrisiotto","article_modified_time":"2024-11-08T10:05:39+00:00","og_image":[{"url":"https:\/\/museidartemendrisiotto.ch\/wp-content\/uploads\/2020\/04\/museo-vela-def.jpg","type":"","width":"","height":""}],"twitter_card":"summary_large_image","twitter_misc":{"Dur\u00e9e de lecture estim\u00e9e":"2 minutes"},"schema":{"@context":"https:\/\/schema.org","@graph":[{"@type":"WebPage","@id":"https:\/\/museidartemendrisiotto.ch\/fr\/les-musees\/museo-vincenzo-vela\/","url":"https:\/\/museidartemendrisiotto.ch\/fr\/les-musees\/museo-vincenzo-vela\/","name":"Museo Vincenzo Vela - Musei d\u2019Arte del Mendrisiotto","isPartOf":{"@id":"https:\/\/museidartemendrisiotto.ch\/#website"},"primaryImageOfPage":{"@id":"https:\/\/museidartemendrisiotto.ch\/fr\/les-musees\/museo-vincenzo-vela\/#primaryimage"},"image":{"@id":"https:\/\/museidartemendrisiotto.ch\/fr\/les-musees\/museo-vincenzo-vela\/#primaryimage"},"thumbnailUrl":"https:\/\/museidartemendrisiotto.ch\/wp-content\/uploads\/2020\/04\/museo-vela-def.jpg","datePublished":"2020-02-26T08:35:34+00:00","dateModified":"2024-11-08T10:05:39+00:00","breadcrumb":{"@id":"https:\/\/museidartemendrisiotto.ch\/fr\/les-musees\/museo-vincenzo-vela\/#breadcrumb"},"inLanguage":"fr-FR","potentialAction":[{"@type":"ReadAction","target":["https:\/\/museidartemendrisiotto.ch\/fr\/les-musees\/museo-vincenzo-vela\/"]}]},{"@type":"ImageObject","inLanguage":"fr-FR","@id":"https:\/\/museidartemendrisiotto.ch\/fr\/les-musees\/museo-vincenzo-vela\/#primaryimage","url":"https:\/\/museidartemendrisiotto.ch\/wp-content\/uploads\/2020\/04\/museo-vela-def.jpg","contentUrl":"https:\/\/museidartemendrisiotto.ch\/wp-content\/uploads\/2020\/04\/museo-vela-def.jpg"},{"@type":"BreadcrumbList","@id":"https:\/\/museidartemendrisiotto.ch\/fr\/les-musees\/museo-vincenzo-vela\/#breadcrumb","itemListElement":[{"@type":"ListItem","position":1,"name":"Home","item":"https:\/\/museidartemendrisiotto.ch\/fr\/"},{"@type":"ListItem","position":2,"name":"Les mus\u00e9es","item":"https:\/\/museidartemendrisiotto.ch\/fr\/les-musees\/"},{"@type":"ListItem","position":3,"name":"Museo Vincenzo Vela"}]},{"@type":"WebSite","@id":"https:\/\/museidartemendrisiotto.ch\/#website","url":"https:\/\/museidartemendrisiotto.ch\/","name":"Musei d\u2019Arte del Mendrisiotto","description":"La rete dei Musei d\u2019Arte del Mendrisiotto (MAM) si propone di rafforzare la visibilit\u00e0, promuovere la conoscenza dei musei del Mendrisiotto","publisher":{"@id":"https:\/\/museidartemendrisiotto.ch\/#organization"},"potentialAction":[{"@type":"SearchAction","target":{"@type":"EntryPoint","urlTemplate":"https:\/\/museidartemendrisiotto.ch\/?s={search_term_string}"},"query-input":{"@type":"PropertyValueSpecification","valueRequired":true,"valueName":"search_term_string"}}],"inLanguage":"fr-FR"},{"@type":"Organization","@id":"https:\/\/museidartemendrisiotto.ch\/#organization","name":"Musei d\u2019Arte del Mendrisiotto","url":"https:\/\/museidartemendrisiotto.ch\/","logo":{"@type":"ImageObject","inLanguage":"fr-FR","@id":"https:\/\/museidartemendrisiotto.ch\/#\/schema\/logo\/image\/","url":"https:\/\/museidartemendrisiotto.ch\/wp-content\/uploads\/2020\/06\/logo_mam.png","contentUrl":"https:\/\/museidartemendrisiotto.ch\/wp-content\/uploads\/2020\/06\/logo_mam.png","width":350,"height":250,"caption":"Musei d\u2019Arte del Mendrisiotto"},"image":{"@id":"https:\/\/museidartemendrisiotto.ch\/#\/schema\/logo\/image\/"}}]}},"_links":{"self":[{"href":"https:\/\/museidartemendrisiotto.ch\/fr\/wp-json\/wp\/v2\/pages\/458","targetHints":{"allow":["GET"]}}],"collection":[{"href":"https:\/\/museidartemendrisiotto.ch\/fr\/wp-json\/wp\/v2\/pages"}],"about":[{"href":"https:\/\/museidartemendrisiotto.ch\/fr\/wp-json\/wp\/v2\/types\/page"}],"author":[{"embeddable":true,"href":"https:\/\/museidartemendrisiotto.ch\/fr\/wp-json\/wp\/v2\/users\/1"}],"replies":[{"embeddable":true,"href":"https:\/\/museidartemendrisiotto.ch\/fr\/wp-json\/wp\/v2\/comments?post=458"}],"version-history":[{"count":19,"href":"https:\/\/museidartemendrisiotto.ch\/fr\/wp-json\/wp\/v2\/pages\/458\/revisions"}],"predecessor-version":[{"id":7057,"href":"https:\/\/museidartemendrisiotto.ch\/fr\/wp-json\/wp\/v2\/pages\/458\/revisions\/7057"}],"up":[{"embeddable":true,"href":"https:\/\/museidartemendrisiotto.ch\/fr\/wp-json\/wp\/v2\/pages\/684"}],"wp:attachment":[{"href":"https:\/\/museidartemendrisiotto.ch\/fr\/wp-json\/wp\/v2\/media?parent=458"}],"curies":[{"name":"wp","href":"https:\/\/api.w.org\/{rel}","templated":true}]}}